{"id":242369,"date":"2025-05-06T09:40:37","date_gmt":"2025-05-06T09:40:37","guid":{"rendered":"https:\/\/www.datakeen.co\/document-library\/"},"modified":"2025-05-06T09:40:50","modified_gmt":"2025-05-06T09:40:50","slug":"document-library","status":"publish","type":"page","link":"https:\/\/legacy-wp.datakeen.co\/en\/document-library\/","title":{"rendered":"Document library"},"content":{"rendered":"<p>[et_pb_section fb_built=&#8221;1&#8243; _builder_version=&#8221;4.20.0&#8243; _module_preset=&#8221;default&#8221; background_color=&#8221;gcid-78e7632e-d3a7-4f2c-bcee-072ee9d6fc8e&#8221; min_height=&#8221;80vh&#8221; custom_padding=&#8221;0px||80px||false|false&#8221; bottom_divider_style=&#8221;curve2&#8243; bottom_divider_color=&#8221;gcid-6a2e10ea-10ca-4833-82f4-4a86e2b82e4e&#8221; bottom_divider_flip=&#8221;horizontal|vertical&#8221; locked=&#8221;off&#8221; global_colors_info=&#8221;{%22gcid-6a2e10ea-10ca-4833-82f4-4a86e2b82e4e%22:%91%22bottom_divider_color%22%93,%22gcid-78e7632e-d3a7-4f2c-bcee-072ee9d6fc8e%22:%91%22background_color%22%93}&#8221;][et_pb_row _builder_version=&#8221;4.20.0&#8243; _module_preset=&#8221;1a3a459a-49b1-494e-9ec7-c034b66ff664&#8243; global_colors_info=&#8221;{}&#8221;][et_pb_column type=&#8221;4_4&#8243; _builder_version=&#8221;4.17.4&#8243; _module_preset=&#8221;default&#8221; global_colors_info=&#8221;{}&#8221;][lwp_divi_breadcrumbs home_text=&#8221;Accueil&#8221; font_icon=&#8221;5||divi||400&#8243; _builder_version=&#8221;4.20.0&#8243; _module_preset=&#8221;default&#8221; global_colors_info=&#8221;{}&#8221;][\/lwp_divi_breadcrumbs][\/et_pb_column][\/et_pb_row][et_pb_row column_structure=&#8221;1_2,1_2&#8243; make_equal=&#8221;on&#8221; _builder_version=&#8221;4.20.0&#8243; _module_preset=&#8221;default&#8221; min_height=&#8221;350px&#8221; custom_margin=&#8221;24px||55px||false|false&#8221; custom_css_main_element=&#8221;display: flex;&#8221; global_colors_info=&#8221;{}&#8221; custom_css_main_element_last_edited=&#8221;on|phone&#8221; custom_css_main_element_phone=&#8221;display: flex;||flex-direction: column-reverse;||&#8221; custom_css_main_element_tablet=&#8221;display: block;&#8221;][et_pb_column type=&#8221;1_2&#8243; _builder_version=&#8221;4.20.0&#8243; _module_preset=&#8221;default&#8221; custom_css_main_element=&#8221;margin: auto;&#8221; global_colors_info=&#8221;{}&#8221;][et_pb_text _builder_version=&#8221;4.20.0&#8243; _module_preset=&#8221;9e597d44-66f6-42b0-abf3-8f6e9bfefd7e&#8221; header_font_size=&#8221;50px&#8221; header_2_font_size=&#8221;36px&#8221; custom_margin=&#8221;||35px|||&#8221; custom_margin_tablet=&#8221;||35px|||&#8221; custom_margin_phone=&#8221;||15px||false|false&#8221; custom_margin_last_edited=&#8221;on|phone&#8221; header_text_align_tablet=&#8221;&#8221; header_text_align_phone=&#8221;center&#8221; header_text_align_last_edited=&#8221;on|phone&#8221; global_colors_info=&#8221;{}&#8221;]<\/p>\n<h1>Document catalog<\/h1>\n<p>[\/et_pb_text][et_pb_text _builder_version=&#8221;4.20.0&#8243; _module_preset=&#8221;9e597d44-66f6-42b0-abf3-8f6e9bfefd7e&#8221; text_font=&#8221;||||||||&#8221; text_font_size=&#8221;20px&#8221; text_line_height=&#8221;1.5em&#8221; custom_margin=&#8221;||45px|||&#8221; custom_margin_tablet=&#8221;||45px|||&#8221; custom_margin_phone=&#8221;0px||45px||false|false&#8221; custom_margin_last_edited=&#8221;on|phone&#8221; custom_padding=&#8221;0px||||false|false&#8221; text_orientation_tablet=&#8221;&#8221; text_orientation_phone=&#8221;center&#8221; text_orientation_last_edited=&#8221;on|phone&#8221; global_colors_info=&#8221;{}&#8221;]<\/p>\n<p>Control the identity and documents of your prospects, customers, partners, suppliers, applicants and employees. Our library includes thousands of document types from many countries.<\/p>\n<p>[\/et_pb_text][et_pb_button button_url=&#8221;#onpage-contact&#8221; button_text=&#8221;Contact our team&#8221; button_alignment=&#8221;left&#8221; _builder_version=&#8221;4.20.0&#8243; _module_preset=&#8221;104f2d75-b247-4363-80d4-999bd5baa49d&#8221; button_text_color=&#8221;gcid-5430ea0e-2e8a-4141-8e7a-af18a3fcd59d&#8221; button_border_color=&#8221;gcid-5430ea0e-2e8a-4141-8e7a-af18a3fcd59d&#8221; global_module=&#8221;238263&#8243; saved_tabs=&#8221;all&#8221; locked=&#8221;off&#8221; global_colors_info=&#8221;{%22gcid-5430ea0e-2e8a-4141-8e7a-af18a3fcd59d%22:%91%22button_text_color%22,%22button_border_color%22%93,%22gcid-6a2e10ea-10ca-4833-82f4-4a86e2b82e4e%22:%91%22button_text_color__hover%22,%22button_text_color__hover%22,%22button_text_color__hover%22,%22button_text_color__hover%22,%22button_text_color__hover%22%93,%22gcid-3c26ae3b-b85d-466d-a9bf-32aeff9cdf0a%22:%91%22button_bg_color__hover%22,%22button_border_color__hover%22,%22button_bg_color__hover%22,%22button_border_color__hover%22,%22button_bg_color__hover%22,%22button_border_color__hover%22,%22button_bg_color__hover%22,%22button_border_color__hover%22,%22button_bg_color__hover%22,%22button_border_color__hover%22%93}&#8221; button_bg_color__hover=&#8221;#11e5c5&#8243; button_bg_enable_color__hover=&#8221;on&#8221; button_border_color__hover=&#8221;#11e5c5&#8243; button_bg_color__hover_enabled=&#8221;on|desktop&#8221; button_border_color__hover_enabled=&#8221;on|hover&#8221;][\/et_pb_button][\/et_pb_column][et_pb_column type=&#8221;1_2&#8243; _builder_version=&#8221;4.20.0&#8243; _module_preset=&#8221;default&#8221; custom_padding_tablet=&#8221;50px||||false|false&#8221; custom_padding_phone=&#8221;50px||||false|false&#8221; custom_padding_last_edited=&#8221;on|tablet&#8221; custom_css_main_element=&#8221;margin: auto;||&#8221; global_colors_info=&#8221;{}&#8221; custom_css_main_element_last_edited=&#8221;off|tablet&#8221;][et_pb_image src=&#8221;https:\/\/www.datakeen.co\/wp-content\/uploads\/2024\/05\/Planet-1024&#215;978.png&#8221; alt=&#8221;documents by country&#8221; title_text=&#8221;documents by country&#8221; align=&#8221;right&#8221; module_class=&#8221;prevent-lazyload&#8221; _builder_version=&#8221;4.20.0&#8243; _module_preset=&#8221;default&#8221; width=&#8221;100%&#8221; width_tablet=&#8221;65%&#8221; width_phone=&#8221;70%&#8221; width_last_edited=&#8221;on|phone&#8221; module_alignment=&#8221;center&#8221; custom_margin=&#8221;-20px|0px|0px|0px|false|false&#8221; custom_margin_tablet=&#8221;-20px|0px|0px|0px|false|false&#8221; custom_margin_phone=&#8221;-20px|0px|30px|0px|false|false&#8221; custom_margin_last_edited=&#8221;on|phone&#8221; custom_padding=&#8221;0px|0px|0px|0px|false|false&#8221; global_colors_info=&#8221;{}&#8221;][\/et_pb_image][\/et_pb_column][\/et_pb_row][\/et_pb_section][et_pb_section fb_built=&#8221;1&#8243; _builder_version=&#8221;4.20.0&#8243; _module_preset=&#8221;default&#8221; background_color=&#8221;gcid-6a2e10ea-10ca-4833-82f4-4a86e2b82e4e&#8221; custom_padding=&#8221;0px||||false|false&#8221; top_divider_color=&#8221;gcid-5430ea0e-2e8a-4141-8e7a-af18a3fcd59d&#8221; top_divider_flip=&#8221;horizontal&#8221; global_colors_info=&#8221;{%22gcid-5430ea0e-2e8a-4141-8e7a-af18a3fcd59d%22:%91%22top_divider_color%22%93,%22gcid-6a2e10ea-10ca-4833-82f4-4a86e2b82e4e%22:%91%22background_color%22%93}&#8221;][et_pb_row _builder_version=&#8221;4.20.0&#8243; _module_preset=&#8221;default&#8221; global_colors_info=&#8221;{}&#8221;][et_pb_column type=&#8221;4_4&#8243; _builder_version=&#8221;4.20.0&#8243; _module_preset=&#8221;default&#8221; global_colors_info=&#8221;{}&#8221;][et_pb_tabs active_tab_background_color=&#8221;RGBA(255,255,255,0)&#8221; inactive_tab_background_color=&#8221;RGBA(255,255,255,0)&#8221; active_tab_text_color=&#8221;#11e5c5&#8243; _builder_version=&#8221;4.20.0&#8243; _module_preset=&#8221;default&#8221; tab_text_color=&#8221;#192441&#8243; tab_font=&#8221;|600|||||||&#8221; tab_font_size=&#8221;20px&#8221; custom_css_tabs_controls=&#8221;background: transparent;||border-bottom: 3px solid #11E5C5;||min-height: 60px;||align-content: center;&#8221; custom_css_tab=&#8221;width: 50%;||text-align: center;||border-radius: 8px;||margin-bottom: 8px;||min-height: 70px;&#8221; custom_css_active_tab=&#8221;background-color: rgba(17,229,197,0.10);&#8221; border_width_all=&#8221;0px&#8221; global_colors_info=&#8221;{%22gcid-3c26ae3b-b85d-466d-a9bf-32aeff9cdf0a%22:%91%22active_tab_text_color%22%93,%22gcid-5430ea0e-2e8a-4141-8e7a-af18a3fcd59d%22:%91%22tab_text_color%22%93}&#8221; custom_css_active_tab__hover_enabled=&#8221;off|desktop&#8221; custom_css_tab__hover_enabled=&#8221;on|hover&#8221; custom_css_tab__hover=&#8221;background-color: rgba(17,229,197,0.15);||width: 50%;||text-align: center;||border-radius: 8px;||margin-bottom: 8px;&#8221;][et_pb_tab title=&#8221;\ud83e\udeaa Identity documents&#8221; _builder_version=&#8221;4.20.0&#8243; _module_preset=&#8221;default&#8221; global_colors_info=&#8221;{}&#8221;]<\/p>\n<p>&nbsp;<\/p>\n<p><span><div class=\"map_wrapper\" id=\"map_wrapper_241704\">\n<div class=\"map_box\" style=\"max-width:2000px\">\n<div class=\"map_aspect_ratio\" style=\"padding-top:56%\" data-padding-top=\"56%\" data-padding-top-mobile=\"0%\">\n<div class=\"map_container\">\n<div class=\"map_render map_loading\" id=\"map_241704\"><\/div>\n<\/div>\n<\/div>\n<\/div>\n<\/div><\/span><\/p>\n<p><span><\/span><\/p>\n<p><span><\/span><\/p>\n<p>&nbsp;<\/p>\n<div id=\"footable_parent_241855\"\n         class=\" footable_parent ninja_table_wrapper loading_ninja_table wp_table_data_press_parent bootstrap4 colored_table\">\n                <table data-ninja_table_instance=\"ninja_table_instance_0\" data-footable_id=\"241855\" data-filter-delay=\"1000\" aria-label=\"IDENTIT\u00c9 : Liste par pays\"            id=\"footable_241855\"\n           data-unique_identifier=\"ninja_table_unique_id_1344535820_241855\"\n           class=\" foo-table ninja_footable foo_table_241855 ninja_table_unique_id_1344535820_241855 table  ninja_search_left nt_type_ajax_table table-striped hide_horizonal_borders hide_vertical_borders table-hover vertical_centered ninja_custom_color inverted footable-paging-right hide_all_borders ninja_table_search_disabled ninja_table_pro\">\n                <colgroup>\n                            <col class=\"ninja_column_0 \">\n                            <col class=\"ninja_column_1 \">\n                            <col class=\"ninja_column_2 \">\n                            <col class=\"ninja_column_3 \">\n                            <col class=\"ninja_column_4 \">\n                    <\/colgroup>\n            <\/table>\n    \n    \n    \n<\/div>\n\n<p>[\/et_pb_tab][et_pb_tab title=&#8221;\ud83d\udcc4 Other documents&#8221; _builder_version=&#8221;4.20.0&#8243; _module_preset=&#8221;default&#8221; global_colors_info=&#8221;{}&#8221;]<\/p>\n<p>&nbsp;<\/p>\n<div id=\"footable_parent_241867\"\n         class=\" footable_parent ninja_table_wrapper loading_ninja_table wp_table_data_press_parent bootstrap4 colored_table\">\n                <table data-ninja_table_instance=\"ninja_table_instance_1\" data-footable_id=\"241867\" data-filter-delay=\"1000\" aria-label=\"DOCUMENTS : Liste par typologie\"            id=\"footable_241867\"\n           data-unique_identifier=\"ninja_table_unique_id_1665662864_241867\"\n           class=\" foo-table ninja_footable foo_table_241867 ninja_table_unique_id_1665662864_241867 table  ninja_search_left nt_type_ajax_table table-striped hide_horizonal_borders hide_vertical_borders table-hover vertical_centered ninja_custom_color inverted footable-paging-right hide_all_borders ninja_table_search_disabled ninja_table_pro ninja_table_afd_inline ninja_table_has_custom_filter\">\n                <colgroup>\n                            <col class=\"ninja_column_0 \">\n                            <col class=\"ninja_column_1 \">\n                            <col class=\"ninja_column_2 \">\n                            <col class=\"ninja_column_3 \">\n                    <\/colgroup>\n            <\/table>\n    \n    \n    \n<\/div>\n\n<p>[\/et_pb_tab][\/et_pb_tabs][\/et_pb_column][\/et_pb_row][\/et_pb_section][et_pb_section fb_built=&#8221;1&#8243; _builder_version=&#8221;4.20.0&#8243; _module_preset=&#8221;default&#8221; background_color=&#8221;gcid-6a2e10ea-10ca-4833-82f4-4a86e2b82e4e&#8221; custom_padding=&#8221;120px||120px||false|false&#8221; top_divider_color=&#8221;gcid-5430ea0e-2e8a-4141-8e7a-af18a3fcd59d&#8221; top_divider_flip=&#8221;horizontal&#8221; global_colors_info=&#8221;{%22gcid-5430ea0e-2e8a-4141-8e7a-af18a3fcd59d%22:%91%22top_divider_color%22%93}&#8221;][et_pb_row column_structure=&#8221;2_5,3_5&#8243; module_id=&#8221;onpage-contact&#8221; _builder_version=&#8221;4.20.0&#8243; _module_preset=&#8221;default&#8221; custom_margin=&#8221;|auto||auto|false|false&#8221; custom_css_main_element=&#8221;display: flex;&#8221; global_colors_info=&#8221;{}&#8221; custom_css_main_element_last_edited=&#8221;on|tablet&#8221; custom_css_main_element_tablet=&#8221;display: block;&#8221; custom_css_main_element_phone=&#8221;display: block;&#8221;][et_pb_column type=&#8221;2_5&#8243; _builder_version=&#8221;4.20.0&#8243; _module_preset=&#8221;default&#8221; custom_css_main_element=&#8221;margin: auto;||&#8221; global_colors_info=&#8221;{}&#8221;][et_pb_text _builder_version=&#8221;4.20.0&#8243; _module_preset=&#8221;9e597d44-66f6-42b0-abf3-8f6e9bfefd7e&#8221; header_2_font_size=&#8221;40px&#8221; header_2_line_height=&#8221;1em&#8221; global_colors_info=&#8221;{}&#8221;]<\/p>\n<h2>Process all your customers&#8217; documents<\/h2>\n<p>[\/et_pb_text][et_pb_text _builder_version=&#8221;4.20.0&#8243; _module_preset=&#8221;9e597d44-66f6-42b0-abf3-8f6e9bfefd7e&#8221; global_colors_info=&#8221;{}&#8221;]<\/p>\n<p><span>Contact our experts to find out more about our documentary coverage and all the possibilities offered by our models.<\/span><\/p>\n<p>[\/et_pb_text][et_pb_image src=&#8221;https:\/\/www.datakeen.co\/wp-content\/uploads\/2024\/04\/Frame-278-1024&#215;285.jpg&#8221; alt=&#8221;Datakeen certifications&#8221; title_text=&#8221;Datakeen certifications&#8221; _builder_version=&#8221;4.20.0&#8243; _module_preset=&#8221;default&#8221; width=&#8221;300px&#8221; width_tablet=&#8221;30%&#8221; width_phone=&#8221;45%&#8221; width_last_edited=&#8221;on|tablet&#8221; custom_margin=&#8221;||0px||false|false&#8221; custom_padding=&#8221;||0px||false|false&#8221; global_colors_info=&#8221;{}&#8221;][\/et_pb_image][\/et_pb_column][et_pb_column type=&#8221;3_5&#8243; _builder_version=&#8221;4.20.0&#8243; _module_preset=&#8221;default&#8221; custom_padding=&#8221;25px|25px|25px|25px|true|true&#8221; custom_css_main_element=&#8221;margin: auto;&#8221; border_radii=&#8221;on|8px|8px|8px|8px&#8221; box_shadow_style=&#8221;preset3&#8243; global_colors_info=&#8221;{}&#8221;][et_pb_code _builder_version=&#8221;4.20.0&#8243; _module_preset=&#8221;default&#8221; min_height=&#8221;4px&#8221; global_colors_info=&#8221;{}&#8221;]<script charset=\"utf-8\" type=\"text\/javascript\" src=\"\/\/js-eu1.hsforms.net\/forms\/embed\/v2.js\"><\/script><!-- [et_pb_line_break_holder] --><script><!-- [et_pb_line_break_holder] -->  hbspt.forms.create({<!-- [et_pb_line_break_holder] -->    portalId: \"26608579\",<!-- [et_pb_line_break_holder] -->    formId: \"52675f53-9052-4326-9046-b92768efb74e\",<!-- [et_pb_line_break_holder] -->    region: \"eu1\",<!-- [et_pb_line_break_holder] -->    onFormReady: function($form) {<!-- [et_pb_line_break_holder] -->      function setFieldValue() {<!-- [et_pb_line_break_holder] -->        var hiddenField = $form.find('input[name=\"produit_d_interet\"]');<!-- [et_pb_line_break_holder] -->        if (hiddenField.length) {<!-- [et_pb_line_break_holder] -->          hiddenField.val(\"V\u00e9rification d\u2019identit\u00e9 et documents officiels\").trigger('change').trigger('input');<!-- [et_pb_line_break_holder] -->          console.log(\"Champ cach\u00e9 trouv\u00e9, valeur d\u00e9finie et \u00e9v\u00e9nement d\u00e9clench\u00e9 !\");<!-- [et_pb_line_break_holder] -->          return true;<!-- [et_pb_line_break_holder] -->        }<!-- [et_pb_line_break_holder] -->        return false;<!-- [et_pb_line_break_holder] -->      }<!-- [et_pb_line_break_holder] --><!-- [et_pb_line_break_holder] -->      \/\/ V\u00e9rifie toutes les 500ms jusqu'\u00e0 ce que le champ soit trouv\u00e9 et modifi\u00e9<!-- [et_pb_line_break_holder] -->      var checkInterval = setInterval(function() {<!-- [et_pb_line_break_holder] -->        if (setFieldValue()) {<!-- [et_pb_line_break_holder] -->          clearInterval(checkInterval);<!-- [et_pb_line_break_holder] -->        }<!-- [et_pb_line_break_holder] -->      }, 500);<!-- [et_pb_line_break_holder] -->    }<!-- [et_pb_line_break_holder] -->  });<!-- [et_pb_line_break_holder] --><\/script><!-- [et_pb_line_break_holder] -->[\/et_pb_code][\/et_pb_column][\/et_pb_row][\/et_pb_section]<\/p>\n","protected":false},"excerpt":{"rendered":"<p><div class=\"et_pb_module lwp_divi_breadcrumbs lwp_divi_breadcrumbs_0\">\n\t\t\t\t\n\t\t\t\t\n\t\t\t\t\n\t\t\t\t\n\t\t\t\t\n\t\t\t\t\n\t\t\t\t<div class=\"et_pb_module_inner\">\n\t\t\t\t\t<div class=\"lwp-breadcrumbs\"> <span class=\"before\"><\/span> <span vocab=\"https:\/\/schema.org\/\" typeof=\"BreadcrumbList\"><span property=\"itemListElement\" typeof=\"ListItem\"><a property=\"item\" typeof=\"WebPage\" href=\"https:\/\/legacy-wp.datakeen.co\/en\/\" class=\"home\"><span property=\"name\">Accueil<\/span><\/a><meta property=\"position\" content=\"1\"><\/span> <span class=\"separator et-pb-icon\">5<\/span> <\/span><\/div>\n\t\t\t\t<\/div>\n\t\t\t<\/div>Document catalogControl the identity and documents of your prospects, customers, partners, suppliers, applicants and employees. Our library includes thousands of document types from many countries.&nbsp; <div class=\"map_wrapper\" id=\"map_wrapper_241704\">\n<div class=\"map_box\" style=\"max-width:2000px\">\n<div class=\"map_aspect_ratio\" style=\"padding-top:56%\" data-padding-top=\"56%\" data-padding-top-mobile=\"0%\">\n<div class=\"map_container\">\n<div class=\"map_render map_loading\" id=\"map_241704\"><\/div>\n<\/div>\n<\/div>\n<\/div>\n<\/div> &nbsp; <div id=\"footable_parent_241855\"\n         class=\" footable_parent ninja_table_wrapper loading_ninja_table wp_table_data_press_parent bootstrap4 colored_table\">\n                <table data-ninja_table_instance=\"ninja_table_instance_2\" data-footable_id=\"241855\" data-filter-delay=\"1000\" aria-label=\"IDENTIT\u00c9 : Liste par pays\"            id=\"footable_241855\"\n           data-unique_identifier=\"ninja_table_unique_id_1387209689_241855\"\n           class=\" foo-table ninja_footable foo_table_241855 ninja_table_unique_id_1387209689_241855 table  ninja_search_left nt_type_ajax_table table-striped hide_horizonal_borders hide_vertical_borders table-hover vertical_centered ninja_custom_color inverted footable-paging-right hide_all_borders ninja_table_search_disabled ninja_table_pro\">\n                <colgroup>\n                            <col class=\"ninja_column_0 \">\n                            <col class=\"ninja_column_1 \">\n                            <col class=\"ninja_column_2 \">\n                            <col class=\"ninja_column_3 \">\n                            <col class=\"ninja_column_4 \">\n                    <\/colgroup>\n            <\/table>\n    \n    \n    \n<\/div>\n&nbsp; <div id=\"footable_parent_241867\"\n         class=\" footable_parent ninja_table_wrapper loading_ninja_table wp_table_data_press_parent bootstrap4 colored_table\">\n                <table data-ninja_table_instance=\"ninja_table_instance_3\" data-footable_id=\"241867\" data-filter-delay=\"1000\" aria-label=\"DOCUMENTS : Liste par typologie\"            id=\"footable_241867\"\n           data-unique_identifier=\"ninja_table_unique_id_1831805660_241867\"\n           class=\" foo-table ninja_footable foo_table_241867 ninja_table_unique_id_1831805660_241867 table  ninja_search_left nt_type_ajax_table table-striped hide_horizonal_borders hide_vertical_borders table-hover vertical_centered ninja_custom_color inverted footable-paging-right hide_all_borders ninja_table_search_disabled ninja_table_pro ninja_table_afd_inline ninja_table_has_custom_filter\">\n                <colgroup>\n                            <col class=\"ninja_column_0 \">\n                            <col class=\"ninja_column_1 \">\n                            <col class=\"ninja_column_2 \">\n                            <col class=\"ninja_column_3 \">\n                    <\/colgroup>\n            <\/table>\n    \n    \n    \n<\/div>\nProcess all your customers&#8217; documentsContact our experts to find out more about our documentary coverage and all the possibilities [&hellip;]<\/p>\n","protected":false},"author":6,"featured_media":0,"parent":0,"menu_order":0,"comment_status":"closed","ping_status":"closed","template":"","meta":{"_et_pb_use_builder":"on","_et_pb_old_content":"","_et_gb_content_width":"","content-type":"","footnotes":""},"class_list":["post-242369","page","type-page","status-publish","hentry"],"yoast_head":"<!-- This site is optimized with the Yoast SEO plugin v25.5 - https:\/\/yoast.com\/wordpress\/plugins\/seo\/ -->\n<title>Document library - Datakeen<\/title>\n<meta name=\"robots\" content=\"index, follow, max-snippet:-1, max-image-preview:large, max-video-preview:-1\" \/>\n<link rel=\"canonical\" href=\"https:\/\/legacy-wp.datakeen.co\/en\/document-library\/\" \/>\n<meta property=\"og:locale\" content=\"en_US\" \/>\n<meta property=\"og:type\" content=\"article\" \/>\n<meta property=\"og:title\" content=\"Document library - Datakeen\" \/>\n<meta property=\"og:description\" content=\"Document catalogControl the identity and documents of your prospects, customers, partners, suppliers, applicants and employees. Our library includes thousands of document types from many countries.&nbsp; &nbsp; &nbsp; Process all your customers&#039; documentsContact our experts to find out more about our documentary coverage and all the possibilities [&hellip;]\" \/>\n<meta property=\"og:url\" content=\"https:\/\/legacy-wp.datakeen.co\/en\/document-library\/\" \/>\n<meta property=\"og:site_name\" content=\"Datakeen\" \/>\n<meta property=\"article:modified_time\" content=\"2025-05-06T09:40:50+00:00\" \/>\n<meta name=\"twitter:card\" content=\"summary_large_image\" \/>\n<meta name=\"twitter:site\" content=\"@DatakeenCO\" \/>\n<meta name=\"twitter:label1\" content=\"Est. reading time\" \/>\n\t<meta name=\"twitter:data1\" content=\"7 minutes\" \/>\n<!-- \/ Yoast SEO plugin. -->","yoast_head_json":{"title":"Document library - Datakeen","robots":{"index":"index","follow":"follow","max-snippet":"max-snippet:-1","max-image-preview":"max-image-preview:large","max-video-preview":"max-video-preview:-1"},"canonical":"https:\/\/legacy-wp.datakeen.co\/en\/document-library\/","og_locale":"en_US","og_type":"article","og_title":"Document library - Datakeen","og_description":"Document catalogControl the identity and documents of your prospects, customers, partners, suppliers, applicants and employees. Our library includes thousands of document types from many countries.&nbsp; &nbsp; &nbsp; Process all your customers' documentsContact our experts to find out more about our documentary coverage and all the possibilities [&hellip;]","og_url":"https:\/\/legacy-wp.datakeen.co\/en\/document-library\/","og_site_name":"Datakeen","article_modified_time":"2025-05-06T09:40:50+00:00","twitter_card":"summary_large_image","twitter_site":"@DatakeenCO","twitter_misc":{"Est. reading time":"7 minutes"},"schema":{"@context":"https:\/\/schema.org","@graph":[{"@type":"WebPage","@id":"https:\/\/legacy-wp.datakeen.co\/en\/document-library\/","url":"https:\/\/legacy-wp.datakeen.co\/en\/document-library\/","name":"Document library - Datakeen","isPartOf":{"@id":"https:\/\/legacy-wp.datakeen.co\/en\/#website"},"datePublished":"2025-05-06T09:40:37+00:00","dateModified":"2025-05-06T09:40:50+00:00","breadcrumb":{"@id":"https:\/\/legacy-wp.datakeen.co\/en\/document-library\/#breadcrumb"},"inLanguage":"en-US","potentialAction":[{"@type":"ReadAction","target":["https:\/\/legacy-wp.datakeen.co\/en\/document-library\/"]}]},{"@type":"BreadcrumbList","@id":"https:\/\/legacy-wp.datakeen.co\/en\/document-library\/#breadcrumb","itemListElement":[{"@type":"ListItem","position":1,"name":"Accueil","item":"https:\/\/legacy-wp.datakeen.co\/en\/"},{"@type":"ListItem","position":2,"name":"Document library"}]},{"@type":"WebSite","@id":"https:\/\/legacy-wp.datakeen.co\/en\/#website","url":"https:\/\/legacy-wp.datakeen.co\/en\/","name":"Datakeen","description":"[:fr]Democratise l&#039;IA en Entreprise[:en]Democratize AI Solutions[:de]KI-L\u00f6sungen demokratisieren[:es]Democratizar las soluciones de IA[:ja]\u4eba\u5de5\u77e5\u80fd\u30bd\u30ea\u30e5\u30fc\u30b7\u30e7\u30f3\u306e\u6c11\u4e3b\u5316[:zh]\u6c11\u4e3b\u5316\u4eba\u5de5\u667a\u80fd\u89e3\u51b3\u65b9\u6848[:]","publisher":{"@id":"https:\/\/legacy-wp.datakeen.co\/en\/#organization"},"potentialAction":[{"@type":"SearchAction","target":{"@type":"EntryPoint","urlTemplate":"https:\/\/legacy-wp.datakeen.co\/en\/?s={search_term_string}"},"query-input":{"@type":"PropertyValueSpecification","valueRequired":true,"valueName":"search_term_string"}}],"inLanguage":"en-US"},{"@type":"Organization","@id":"https:\/\/legacy-wp.datakeen.co\/en\/#organization","name":"Datakeen","url":"https:\/\/legacy-wp.datakeen.co\/en\/","logo":{"@type":"ImageObject","inLanguage":"en-US","@id":"https:\/\/legacy-wp.datakeen.co\/en\/#\/schema\/logo\/image\/","url":"https:\/\/media.datakeen.co\/wp-content\/uploads\/2017\/03\/28141638\/datakeen_large_blue_nobg.png","contentUrl":"https:\/\/media.datakeen.co\/wp-content\/uploads\/2017\/03\/28141638\/datakeen_large_blue_nobg.png","width":2000,"height":826,"caption":"Datakeen"},"image":{"@id":"https:\/\/legacy-wp.datakeen.co\/en\/#\/schema\/logo\/image\/"},"sameAs":["https:\/\/x.com\/DatakeenCO","https:\/\/www.linkedin.com\/company\/11023029"]}]}},"_links":{"self":[{"href":"https:\/\/legacy-wp.datakeen.co\/en\/wp-json\/wp\/v2\/pages\/242369","targetHints":{"allow":["GET"]}}],"collection":[{"href":"https:\/\/legacy-wp.datakeen.co\/en\/wp-json\/wp\/v2\/pages"}],"about":[{"href":"https:\/\/legacy-wp.datakeen.co\/en\/wp-json\/wp\/v2\/types\/page"}],"author":[{"embeddable":true,"href":"https:\/\/legacy-wp.datakeen.co\/en\/wp-json\/wp\/v2\/users\/6"}],"replies":[{"embeddable":true,"href":"https:\/\/legacy-wp.datakeen.co\/en\/wp-json\/wp\/v2\/comments?post=242369"}],"version-history":[{"count":2,"href":"https:\/\/legacy-wp.datakeen.co\/en\/wp-json\/wp\/v2\/pages\/242369\/revisions"}],"predecessor-version":[{"id":242375,"href":"https:\/\/legacy-wp.datakeen.co\/en\/wp-json\/wp\/v2\/pages\/242369\/revisions\/242375"}],"wp:attachment":[{"href":"https:\/\/legacy-wp.datakeen.co\/en\/wp-json\/wp\/v2\/media?parent=242369"}],"curies":[{"name":"wp","href":"https:\/\/api.w.org\/{rel}","templated":true}]}}