{"id":3340,"date":"2019-09-20T22:43:29","date_gmt":"2019-09-20T22:43:29","guid":{"rendered":"https:\/\/datakeen.co\/object-recognition\/"},"modified":"2022-08-17T09:28:31","modified_gmt":"2022-08-17T09:28:31","slug":"object-recognition","status":"publish","type":"page","link":"https:\/\/legacy-wp.datakeen.co\/en\/object-recognition\/","title":{"rendered":"Image and document recognition"},"content":{"rendered":"<p>[et_pb_section fb_built=&#8221;1&#8243; specialty=&#8221;on&#8221; _builder_version=&#8221;4.16&#8243; _module_preset=&#8221;default&#8221; custom_padding=&#8221;0px|||||&#8221; global_colors_info=&#8221;{}&#8221;][et_pb_column type=&#8221;1_2&#8243; specialty_columns=&#8221;2&#8243; _builder_version=&#8221;4.16&#8243; custom_padding=&#8221;|||&#8221; global_colors_info=&#8221;{}&#8221; custom_padding__hover=&#8221;|||&#8221;][et_pb_row_inner _builder_version=&#8221;4.16&#8243; _module_preset=&#8221;default&#8221; global_colors_info=&#8221;{}&#8221;][et_pb_column_inner saved_specialty_column_type=&#8221;1_2&#8243; _builder_version=&#8221;4.16&#8243; _module_preset=&#8221;default&#8221; global_colors_info=&#8221;{}&#8221;][et_pb_text _builder_version=&#8221;4.16&#8243; _module_preset=&#8221;default&#8221; custom_margin=&#8221;||-39px|||&#8221; global_colors_info=&#8221;{}&#8221;]<\/p>\n<h1><span style=\"color: #5684ff;\"><strong>Object and product recognition in images and videos<\/strong><\/span><\/h1>\n<p>[\/et_pb_text][\/et_pb_column_inner][\/et_pb_row_inner][et_pb_row_inner _builder_version=&#8221;4.16&#8243; _module_preset=&#8221;default&#8221; global_colors_info=&#8221;{}&#8221;][et_pb_column_inner saved_specialty_column_type=&#8221;1_2&#8243; _builder_version=&#8221;4.16&#8243; _module_preset=&#8221;default&#8221; global_colors_info=&#8221;{}&#8221;][et_pb_text _builder_version=&#8221;4.17.4&#8243; _module_preset=&#8221;default&#8221; global_colors_info=&#8221;{}&#8221;]<\/p>\n<h2><span style=\"font-weight: 400;\">Increase reliability by automating your counting, identification, and control process.<\/span><\/h2>\n<p>[\/et_pb_text][\/et_pb_column_inner][\/et_pb_row_inner][et_pb_row_inner _builder_version=&#8221;4.16&#8243; _module_preset=&#8221;default&#8221; custom_padding=&#8221;2px|||||&#8221; global_colors_info=&#8221;{}&#8221;][et_pb_column_inner saved_specialty_column_type=&#8221;1_2&#8243; _builder_version=&#8221;4.16&#8243; _module_preset=&#8221;default&#8221; global_colors_info=&#8221;{}&#8221;][et_pb_text _builder_version=&#8221;4.16&#8243; _module_preset=&#8221;default&#8221; global_colors_info=&#8221;{}&#8221;]<\/p>\n<p>It is often difficult to have eyes everywhere, whether it is for quality control, object or product counting. This is especially true for video surveillance, security or supply chain monitoring. These different checks require your full attention or that of your employees. A precious time used for sometimes repetitive and tedious tasks. But such checks can be automated. Our visual analysis solution is now capable of handling all the necessary monitoring points.<\/p>\n<p>[\/et_pb_text][\/et_pb_column_inner][\/et_pb_row_inner][et_pb_row_inner _builder_version=&#8221;4.16&#8243; _module_preset=&#8221;default&#8221; custom_margin=&#8221;-24px|||||&#8221; global_colors_info=&#8221;{}&#8221;][et_pb_column_inner saved_specialty_column_type=&#8221;1_2&#8243; _builder_version=&#8221;4.16&#8243; _module_preset=&#8221;default&#8221; global_colors_info=&#8221;{}&#8221;][et_pb_text _builder_version=&#8221;4.16&#8243; _module_preset=&#8221;default&#8221; global_colors_info=&#8221;{}&#8221;]<\/p>\n<p>How does it work? Following a short learning curve, our solution is able to identify people, objects, products or models, to count them and to detect defects or errors. This information is then provided to the agent in the form of alerts. He or she will then be able to correct the possible failures.<\/p>\n<p>[\/et_pb_text][\/et_pb_column_inner][\/et_pb_row_inner][\/et_pb_column][et_pb_column type=&#8221;1_2&#8243; _builder_version=&#8221;4.16&#8243; custom_padding=&#8221;|||&#8221; global_colors_info=&#8221;{}&#8221; custom_padding__hover=&#8221;|||&#8221;][et_pb_image src=&#8221;https:\/\/www.datakeen.co\/wp-content\/uploads\/2021\/06\/Data-Arranging_Isometric.svg&#8221; title_text=&#8221;Data Arranging_Isometric&#8221; align=&#8221;center&#8221; _builder_version=&#8221;4.16&#8243; _module_preset=&#8221;default&#8221; custom_margin=&#8221;||65px|||&#8221; global_colors_info=&#8221;{}&#8221;][\/et_pb_image][et_pb_button button_text=&#8221;Try for free&#8221; button_alignment=&#8221;center&#8221; disabled_on=&#8221;on|on|on&#8221; _builder_version=&#8221;4.17.4&#8243; _module_preset=&#8221;default&#8221; custom_margin=&#8221;15px||||false|false&#8221; disabled=&#8221;on&#8221; global_colors_info=&#8221;{}&#8221;][\/et_pb_button][\/et_pb_column][\/et_pb_section][et_pb_section fb_built=&#8221;1&#8243; _builder_version=&#8221;4.16&#8243; _module_preset=&#8221;default&#8221; custom_padding=&#8221;0px||35px|||&#8221; global_colors_info=&#8221;{}&#8221;][et_pb_row column_structure=&#8221;1_4,1_4,1_4,1_4&#8243; _builder_version=&#8221;4.16&#8243; _module_preset=&#8221;default&#8221; min_height=&#8221;292px&#8221; global_colors_info=&#8221;{}&#8221;][et_pb_column type=&#8221;1_4&#8243; _builder_version=&#8221;4.16&#8243; _module_preset=&#8221;default&#8221; global_colors_info=&#8221;{}&#8221;][et_pb_image src=&#8221;https:\/\/www.datakeen.co\/wp-content\/uploads\/2022\/06\/efficient.png&#8221; title_text=&#8221;efficient&#8221; align=&#8221;center&#8221; _builder_version=&#8221;4.16&#8243; _module_preset=&#8221;default&#8221; width=&#8221;60%&#8221; global_colors_info=&#8221;{}&#8221;][\/et_pb_image][et_pb_text _builder_version=&#8221;4.17.4&#8243; _module_preset=&#8221;default&#8221; global_colors_info=&#8221;{}&#8221;]<\/p>\n<p style=\"text-align: center;\">Real-time image and video processing<\/p>\n<p>[\/et_pb_text][\/et_pb_column][et_pb_column type=&#8221;1_4&#8243; _builder_version=&#8221;4.16&#8243; _module_preset=&#8221;default&#8221; global_colors_info=&#8221;{}&#8221;][et_pb_image src=&#8221;https:\/\/www.datakeen.co\/wp-content\/uploads\/2022\/06\/vote.png&#8221; title_text=&#8221;vote&#8221; align=&#8221;center&#8221; _builder_version=&#8221;4.16&#8243; _module_preset=&#8221;default&#8221; width=&#8221;60%&#8221; max_width=&#8221;100%&#8221; global_colors_info=&#8221;{}&#8221;][\/et_pb_image][et_pb_text _builder_version=&#8221;4.17.4&#8243; _module_preset=&#8221;default&#8221; global_colors_info=&#8221;{}&#8221;]<\/p>\n<p style=\"text-align: center;\">Analysis, counting and identification of complex objects<\/p>\n<p>[\/et_pb_text][\/et_pb_column][et_pb_column type=&#8221;1_4&#8243; _builder_version=&#8221;4.16&#8243; _module_preset=&#8221;default&#8221; global_colors_info=&#8221;{}&#8221;][et_pb_image src=&#8221;https:\/\/www.datakeen.co\/wp-content\/uploads\/2022\/06\/color-palette.png&#8221; title_text=&#8221;color-palette&#8221; align=&#8221;center&#8221; _builder_version=&#8221;4.16&#8243; _module_preset=&#8221;default&#8221; width=&#8221;60%&#8221; global_colors_info=&#8221;{}&#8221;][\/et_pb_image][et_pb_text _builder_version=&#8221;4.17.4&#8243; _module_preset=&#8221;default&#8221; global_colors_info=&#8221;{}&#8221;]<\/p>\n<p style=\"text-align: center;\">Precise detection of materials, color, shape<\/p>\n<p>[\/et_pb_text][\/et_pb_column][et_pb_column type=&#8221;1_4&#8243; _builder_version=&#8221;4.16&#8243; _module_preset=&#8221;default&#8221; global_colors_info=&#8221;{}&#8221;][et_pb_image src=&#8221;https:\/\/www.datakeen.co\/wp-content\/uploads\/2022\/06\/quality-assurance.png&#8221; title_text=&#8221;quality-assurance&#8221; align=&#8221;center&#8221; _builder_version=&#8221;4.16&#8243; _module_preset=&#8221;default&#8221; width=&#8221;60%&#8221; global_colors_info=&#8221;{}&#8221;][\/et_pb_image][et_pb_text _builder_version=&#8221;4.17.4&#8243; _module_preset=&#8221;default&#8221; global_colors_info=&#8221;{}&#8221;]<\/p>\n<p style=\"text-align: center;\">Systematic control of defects or alterations<\/p>\n<p>[\/et_pb_text][\/et_pb_column][\/et_pb_row][\/et_pb_section][et_pb_section fb_built=&#8221;1&#8243; _builder_version=&#8221;4.16&#8243; _module_preset=&#8221;default&#8221; custom_padding=&#8221;0px||0px|||&#8221; global_colors_info=&#8221;{}&#8221;][et_pb_row _builder_version=&#8221;4.16&#8243; _module_preset=&#8221;default&#8221; global_colors_info=&#8221;{}&#8221;][et_pb_column type=&#8221;4_4&#8243; _builder_version=&#8221;4.16&#8243; _module_preset=&#8221;default&#8221; global_colors_info=&#8221;{}&#8221;][et_pb_text _builder_version=&#8221;4.16&#8243; _module_preset=&#8221;default&#8221; global_colors_info=&#8221;{}&#8221;]<\/p>\n<p>Improve the performance of your supply chain, your technicians or your security with our visual analysis solution. Thanks to our platform, product or people counting operations are automated. So is quality control and matching between different models. Take advantage of the high accuracy of our real-time processing platform.<\/p>\n<p>[\/et_pb_text][\/et_pb_column][\/et_pb_row][\/et_pb_section][et_pb_section fb_built=&#8221;1&#8243; specialty=&#8221;on&#8221; _builder_version=&#8221;4.16&#8243; _module_preset=&#8221;default&#8221; custom_margin=&#8221;22px|||||&#8221; custom_padding=&#8221;0px|||||&#8221; global_colors_info=&#8221;{}&#8221;][et_pb_column type=&#8221;1_2&#8243; specialty_columns=&#8221;2&#8243; _builder_version=&#8221;4.16&#8243; custom_padding=&#8221;|||&#8221; global_colors_info=&#8221;{}&#8221; custom_padding__hover=&#8221;|||&#8221;][et_pb_row_inner _builder_version=&#8221;4.16&#8243; _module_preset=&#8221;default&#8221; global_colors_info=&#8221;{}&#8221;][et_pb_column_inner saved_specialty_column_type=&#8221;1_2&#8243; _builder_version=&#8221;4.16&#8243; _module_preset=&#8221;default&#8221; global_colors_info=&#8221;{}&#8221;][et_pb_text _builder_version=&#8221;4.17.4&#8243; _module_preset=&#8221;default&#8221; global_colors_info=&#8221;{}&#8221;]<\/p>\n<h3>Our off-the-shelf solutions<\/h3>\n<p>[\/et_pb_text][\/et_pb_column_inner][\/et_pb_row_inner][et_pb_row_inner column_structure=&#8221;1_2,1_2&#8243; _builder_version=&#8221;4.16&#8243; _module_preset=&#8221;default&#8221; global_colors_info=&#8221;{}&#8221;][et_pb_column_inner type=&#8221;1_2&#8243; saved_specialty_column_type=&#8221;1_2&#8243; _builder_version=&#8221;4.16&#8243; _module_preset=&#8221;default&#8221; global_colors_info=&#8221;{}&#8221;][et_pb_image src=&#8221;https:\/\/www.datakeen.co\/wp-content\/uploads\/2022\/08\/Sans-titre1.png&#8221; title_text=&#8221;Sans titre1&#8243; _builder_version=&#8221;4.17.4&#8243; _module_preset=&#8221;default&#8221; global_colors_info=&#8221;{}&#8221;][\/et_pb_image][\/et_pb_column_inner][et_pb_column_inner type=&#8221;1_2&#8243; saved_specialty_column_type=&#8221;1_2&#8243; _builder_version=&#8221;4.16&#8243; _module_preset=&#8221;default&#8221; global_colors_info=&#8221;{}&#8221;][et_pb_image src=&#8221;https:\/\/www.datakeen.co\/wp-content\/uploads\/2022\/08\/Sans-titre2.png&#8221; title_text=&#8221;Sans titre2&#8243; _builder_version=&#8221;4.17.4&#8243; _module_preset=&#8221;default&#8221; global_colors_info=&#8221;{}&#8221;][\/et_pb_image][\/et_pb_column_inner][\/et_pb_row_inner][\/et_pb_column][et_pb_column type=&#8221;1_2&#8243; _builder_version=&#8221;4.16&#8243; custom_padding=&#8221;|||&#8221; global_colors_info=&#8221;{}&#8221; custom_padding__hover=&#8221;|||&#8221;][et_pb_image src=&#8221;https:\/\/www.datakeen.co\/wp-content\/uploads\/2022\/06\/logiciel-adapte-performant-2-1.jpg&#8221; title_text=&#8221;gestion-des-stocks&#8221; _builder_version=&#8221;4.16&#8243; _module_preset=&#8221;default&#8221; min_height=&#8221;280.1px&#8221; custom_margin=&#8221;||50px|||&#8221; global_colors_info=&#8221;{}&#8221;][\/et_pb_image][et_pb_button button_text=&#8221;Your customized solution&#8221; button_alignment=&#8221;center&#8221; disabled_on=&#8221;on|on|on&#8221; _builder_version=&#8221;4.17.4&#8243; _module_preset=&#8221;default&#8221; custom_margin=&#8221;-16px|||||&#8221; disabled=&#8221;on&#8221; global_colors_info=&#8221;{}&#8221;][\/et_pb_button][\/et_pb_column][\/et_pb_section][et_pb_section fb_built=&#8221;1&#8243; _builder_version=&#8221;4.16&#8243; _module_preset=&#8221;default&#8221; global_colors_info=&#8221;{}&#8221;][et_pb_row _builder_version=&#8221;4.16&#8243; _module_preset=&#8221;default&#8221; custom_margin=&#8221;-90px|auto||auto||&#8221; global_colors_info=&#8221;{}&#8221;][et_pb_column type=&#8221;4_4&#8243; _builder_version=&#8221;4.16&#8243; _module_preset=&#8221;default&#8221; global_colors_info=&#8221;{}&#8221;][et_pb_text _builder_version=&#8221;4.17.4&#8243; _module_preset=&#8221;default&#8221; hover_enabled=&#8221;0&#8243; global_colors_info=&#8221;{}&#8221; sticky_enabled=&#8221;0&#8243;]<\/p>\n<h3>Still not convinced?<\/h3>\n<p>[\/et_pb_text][\/et_pb_column][\/et_pb_row][et_pb_row _builder_version=&#8221;4.16&#8243; _module_preset=&#8221;default&#8221; custom_margin=&#8221;-60px|auto||auto||&#8221; global_colors_info=&#8221;{}&#8221;][et_pb_column type=&#8221;4_4&#8243; _builder_version=&#8221;4.16&#8243; _module_preset=&#8221;default&#8221; global_colors_info=&#8221;{}&#8221;][et_pb_text _builder_version=&#8221;4.17.4&#8243; _module_preset=&#8221;default&#8221; hover_enabled=&#8221;0&#8243; global_colors_info=&#8221;{}&#8221; sticky_enabled=&#8221;0&#8243;]<\/p>\n<p>Learn how our partners benefit from visual analytics.<\/p>\n<p>[\/et_pb_text][\/et_pb_column][\/et_pb_row][et_pb_row _builder_version=&#8221;4.16&#8243; _module_preset=&#8221;default&#8221; global_colors_info=&#8221;{}&#8221;][et_pb_column type=&#8221;4_4&#8243; _builder_version=&#8221;4.16&#8243; _module_preset=&#8221;default&#8221; global_colors_info=&#8221;{}&#8221;][et_pb_text _builder_version=&#8221;4.17.4&#8243; _module_preset=&#8221;default&#8221; custom_margin=&#8221;-45px|||||&#8221; custom_padding=&#8221;0px|||||&#8221; global_colors_info=&#8221;{}&#8221;]<\/p>\n<p>Our customer, who had to count the flow of products leaving the factory before shipping them to their customers, was doing this by hand. A waste of time and a pain for the employees involved. Our software automatically counts these products while performing a quick quality check of each product to ensure no defects are present.<\/p>\n<p>[\/et_pb_text][\/et_pb_column][\/et_pb_row][et_pb_row _builder_version=&#8221;4.16&#8243; _module_preset=&#8221;default&#8221; custom_padding=&#8221;1px|||||&#8221; global_colors_info=&#8221;{}&#8221;][et_pb_column type=&#8221;4_4&#8243; _builder_version=&#8221;4.16&#8243; _module_preset=&#8221;default&#8221; global_colors_info=&#8221;{}&#8221;][et_pb_button button_url=&#8221;@ET-DC@eyJkeW5hbWljIjp0cnVlLCJjb250ZW50IjoicG9zdF9saW5rX3VybF9wYWdlIiwic2V0dGluZ3MiOnsicG9zdF9pZCI6IjI2MTUifX0=@&#8221; button_text=&#8221;Contact us&#8221; button_alignment=&#8221;center&#8221; _builder_version=&#8221;4.17.4&#8243; _dynamic_attributes=&#8221;button_url&#8221; _module_preset=&#8221;default&#8221; global_colors_info=&#8221;{}&#8221;][\/et_pb_button][\/et_pb_column][\/et_pb_row][\/et_pb_section]<\/p>\n","protected":false},"excerpt":{"rendered":"<p>Object and product recognition in images and videosIncrease reliability by automating your counting, identification, and control process.It is often difficult to have eyes everywhere, whether it is for quality control, object or product counting. This is especially true for video surveillance, security or supply chain monitoring. These different checks require your full attention or that [&hellip;]<\/p>\n","protected":false},"author":6,"featured_media":0,"parent":0,"menu_order":0,"comment_status":"closed","ping_status":"closed","template":"","meta":{"_et_pb_use_builder":"on","_et_pb_old_content":"Datakeen permet aux collaborateurs non-techniques de cr\u00e9er et d'utiliser des mod\u00e8les de reconnaissance d'images pour des cas d'usage comme la reconnaissance d'objets sur des photos ou dans des documents.\r\nLes mod\u00e8les de Datakeen sont entra\u00een\u00e9s sur des millions d'images et optimis\u00e9s pour un apprentissage rapide.\r\n\r\n\u00a0\r\n\r\n<img class=\"aligncenter\" src=\"https:\/\/images.unsplash.com\/photo-1562240020-ce31ccb0fa7d?ixlib=rb-1.2.1&ixid=eyJhcHBfaWQiOjEyMDd9&auto=format&fit=crop&w=1000&q=80\" alt=\"pile of printing papers\" width=\"400\" height=\"600\" \/>\r\n\r\n\u00a0\r\n<p style=\"text-align: center;\"><b>Int\u00e9r\u00e9ss\u00e9s ? \u00c9changeons\u00a0sur vos enjeux et demandez une d\u00e9mo.<\/b><\/p>\r\n<p style=\"text-align: center;\"><a class=\"askDemo\" href=\"https:\/\/www.datakeen.co\/contact\/\"> demander une d\u00e9mo <\/a><\/p>","_et_gb_content_width":"","content-type":"","footnotes":""},"class_list":["post-3340","page","type-page","status-publish","hentry"],"yoast_head":"<!-- This site is optimized with the Yoast SEO plugin v25.5 - https:\/\/yoast.com\/wordpress\/plugins\/seo\/ -->\n<title>Image and document recognition - Datakeen<\/title>\n<meta name=\"robots\" content=\"index, follow, max-snippet:-1, max-image-preview:large, max-video-preview:-1\" \/>\n<link rel=\"canonical\" href=\"https:\/\/legacy-wp.datakeen.co\/en\/object-recognition\/\" \/>\n<meta property=\"og:locale\" content=\"en_US\" \/>\n<meta property=\"og:type\" content=\"article\" \/>\n<meta property=\"og:title\" content=\"Image and document recognition - Datakeen\" \/>\n<meta property=\"og:description\" content=\"Object and product recognition in images and videosIncrease reliability by automating your counting, identification, and control process.It is often difficult to have eyes everywhere, whether it is for quality control, object or product counting. This is especially true for video surveillance, security or supply chain monitoring. These different checks require your full attention or that [&hellip;]\" \/>\n<meta property=\"og:url\" content=\"https:\/\/legacy-wp.datakeen.co\/en\/object-recognition\/\" \/>\n<meta property=\"og:site_name\" content=\"Datakeen\" \/>\n<meta property=\"article:modified_time\" content=\"2022-08-17T09:28:31+00:00\" \/>\n<meta name=\"twitter:card\" content=\"summary_large_image\" \/>\n<meta name=\"twitter:site\" content=\"@DatakeenCO\" \/>\n<meta name=\"twitter:label1\" content=\"Est. reading time\" \/>\n\t<meta name=\"twitter:data1\" content=\"1 minute\" \/>\n<!-- \/ Yoast SEO plugin. -->","yoast_head_json":{"title":"Image and document recognition - Datakeen","robots":{"index":"index","follow":"follow","max-snippet":"max-snippet:-1","max-image-preview":"max-image-preview:large","max-video-preview":"max-video-preview:-1"},"canonical":"https:\/\/legacy-wp.datakeen.co\/en\/object-recognition\/","og_locale":"en_US","og_type":"article","og_title":"Image and document recognition - Datakeen","og_description":"Object and product recognition in images and videosIncrease reliability by automating your counting, identification, and control process.It is often difficult to have eyes everywhere, whether it is for quality control, object or product counting. This is especially true for video surveillance, security or supply chain monitoring. These different checks require your full attention or that [&hellip;]","og_url":"https:\/\/legacy-wp.datakeen.co\/en\/object-recognition\/","og_site_name":"Datakeen","article_modified_time":"2022-08-17T09:28:31+00:00","twitter_card":"summary_large_image","twitter_site":"@DatakeenCO","twitter_misc":{"Est. reading time":"1 minute"},"schema":{"@context":"https:\/\/schema.org","@graph":[{"@type":"WebPage","@id":"https:\/\/legacy-wp.datakeen.co\/en\/object-recognition\/","url":"https:\/\/legacy-wp.datakeen.co\/en\/object-recognition\/","name":"Image and document recognition - Datakeen","isPartOf":{"@id":"https:\/\/legacy-wp.datakeen.co\/en\/#website"},"datePublished":"2019-09-20T22:43:29+00:00","dateModified":"2022-08-17T09:28:31+00:00","breadcrumb":{"@id":"https:\/\/legacy-wp.datakeen.co\/en\/object-recognition\/#breadcrumb"},"inLanguage":"en-US","potentialAction":[{"@type":"ReadAction","target":["https:\/\/legacy-wp.datakeen.co\/en\/object-recognition\/"]}]},{"@type":"BreadcrumbList","@id":"https:\/\/legacy-wp.datakeen.co\/en\/object-recognition\/#breadcrumb","itemListElement":[{"@type":"ListItem","position":1,"name":"Accueil","item":"https:\/\/legacy-wp.datakeen.co\/en\/"},{"@type":"ListItem","position":2,"name":"Image and document recognition"}]},{"@type":"WebSite","@id":"https:\/\/legacy-wp.datakeen.co\/en\/#website","url":"https:\/\/legacy-wp.datakeen.co\/en\/","name":"Datakeen","description":"[:fr]Democratise l&#039;IA en Entreprise[:en]Democratize AI Solutions[:de]KI-L\u00f6sungen demokratisieren[:es]Democratizar las soluciones de IA[:ja]\u4eba\u5de5\u77e5\u80fd\u30bd\u30ea\u30e5\u30fc\u30b7\u30e7\u30f3\u306e\u6c11\u4e3b\u5316[:zh]\u6c11\u4e3b\u5316\u4eba\u5de5\u667a\u80fd\u89e3\u51b3\u65b9\u6848[:]","publisher":{"@id":"https:\/\/legacy-wp.datakeen.co\/en\/#organization"},"potentialAction":[{"@type":"SearchAction","target":{"@type":"EntryPoint","urlTemplate":"https:\/\/legacy-wp.datakeen.co\/en\/?s={search_term_string}"},"query-input":{"@type":"PropertyValueSpecification","valueRequired":true,"valueName":"search_term_string"}}],"inLanguage":"en-US"},{"@type":"Organization","@id":"https:\/\/legacy-wp.datakeen.co\/en\/#organization","name":"Datakeen","url":"https:\/\/legacy-wp.datakeen.co\/en\/","logo":{"@type":"ImageObject","inLanguage":"en-US","@id":"https:\/\/legacy-wp.datakeen.co\/en\/#\/schema\/logo\/image\/","url":"https:\/\/media.datakeen.co\/wp-content\/uploads\/2017\/03\/28141638\/datakeen_large_blue_nobg.png","contentUrl":"https:\/\/media.datakeen.co\/wp-content\/uploads\/2017\/03\/28141638\/datakeen_large_blue_nobg.png","width":2000,"height":826,"caption":"Datakeen"},"image":{"@id":"https:\/\/legacy-wp.datakeen.co\/en\/#\/schema\/logo\/image\/"},"sameAs":["https:\/\/x.com\/DatakeenCO","https:\/\/www.linkedin.com\/company\/11023029"]}]}},"_links":{"self":[{"href":"https:\/\/legacy-wp.datakeen.co\/en\/wp-json\/wp\/v2\/pages\/3340","targetHints":{"allow":["GET"]}}],"collection":[{"href":"https:\/\/legacy-wp.datakeen.co\/en\/wp-json\/wp\/v2\/pages"}],"about":[{"href":"https:\/\/legacy-wp.datakeen.co\/en\/wp-json\/wp\/v2\/types\/page"}],"author":[{"embeddable":true,"href":"https:\/\/legacy-wp.datakeen.co\/en\/wp-json\/wp\/v2\/users\/6"}],"replies":[{"embeddable":true,"href":"https:\/\/legacy-wp.datakeen.co\/en\/wp-json\/wp\/v2\/comments?post=3340"}],"version-history":[{"count":0,"href":"https:\/\/legacy-wp.datakeen.co\/en\/wp-json\/wp\/v2\/pages\/3340\/revisions"}],"wp:attachment":[{"href":"https:\/\/legacy-wp.datakeen.co\/en\/wp-json\/wp\/v2\/media?parent=3340"}],"curies":[{"name":"wp","href":"https:\/\/api.w.org\/{rel}","templated":true}]}}