{"id":3372,"date":"2020-01-15T14:20:40","date_gmt":"2020-01-15T14:20:40","guid":{"rendered":"https:\/\/datakeen.co\/formation-ia\/"},"modified":"2021-08-26T13:14:04","modified_gmt":"2021-08-26T13:14:04","slug":"formation-ia","status":"publish","type":"page","link":"https:\/\/legacy-wp.datakeen.co\/en\/formation-ia\/","title":{"rendered":"Training : Basics of Artificial Intelligence"},"content":{"rendered":"<p><strong>Formation:<\/strong><\/p>\n<p><strong>Les fondamentaux de l&#8217;intelligence artificielle<\/strong><\/p>\n<p><img decoding=\"async\" title=\"artificial-intelligence-3685928_1920\" src=\"https:\/\/www.datakeen.co\/wp-content\/uploads\/2020\/01\/artificial-intelligence-3685928_1920.png\" alt=\"artificial-intelligence-3685928_1920\" width=\"1920\" height=\"1280\" \/><\/p>\n<p>\u00a0S&#8217;inscrire \u00e0 la formation <\/a><\/p>\n<p>&nbsp;<\/p>\n<p> T\u00e9l\u00e9charger le programme <\/a><\/p>\n<p>&nbsp;<\/p>\n<h3><strong>Pr\u00e9sentation<\/strong><\/h3>\n<p>Voiture autonome, reconnaissance faciale,\u00a0automatisation du travail,\u00a0l\u2019intelligence artificielle transforme le monde\u00a0et impacte tous les secteurs d&#8217;activit\u00e9s.<\/p>\n<p>Dans la prochaine d\u00e9c\u00e9nnie, les entreprises qui n\u2019auront pas su n\u00e9gocier le virage de l&#8217;IA se verront distanc\u00e9es par leurs concurrents.<\/p>\n<p>Si le\u00a0terme\u00a0fascine autant qu&#8217;il inqui\u00e8te, \u00e0 quoi correspond-il concr\u00e8tement ?<\/p>\n<ul>\n<li>Qu&#8217;est ce que l&#8217;Intelligence Artificielle ?<\/li>\n<li>Quelle est\u00a0son histoire et les \u00e9tapes de son d\u00e9veloppement ?<\/li>\n<li>Quels secteurs sont impact\u00e9s et par quels cas d&#8217;usages ?<\/li>\n<li>Quelles sont les opportunit\u00e9s et les risques associ\u00e9s ?<\/li>\n<li>Puis-je d\u00e9velopper moi-m\u00eame un mod\u00e8le intelligent et apprenant ?<\/li>\n<\/ul>\n<p>Datakeen propose la formation sur &#8220;Les bases de l&#8217;IA&#8221; pour tous ceux qui souhaitent\u00a0d\u00e9couvrir et approfondir\u00a0ce sujet fondamental.<\/p>\n<p>Cette formation a pour but de d\u00e9mystifier l\u2019Intelligence Artificielle, de vous donner les cas d\u2019usages pour votre secteur d\u2019activit\u00e9 et vous permettre de mettre en pratique en toute simplicit\u00e9 ce que l\u2019on entend aujourd\u2019hui par IA.<\/p>\n<p>Notre formation, intitul\u00e9e <i>Les bases de l\u2019intelligence artificielle<\/i> est accessible \u00e0 tous, et ne n\u00e9cessite aucun pr\u00e9-requis technique.<\/p>\n<p>&nbsp;<\/p>\n<p>Pour plus d&#8217;informations, envoyez-nous un message \u00e0 <a href=\"mailto:contact@datakeen.co\">contact@datakeen.co<\/a><\/p>\n<p>ou appelez-nous au 01 80 88 32 99.<\/p>\n<p><strong>Dur\u00e9e<\/strong>: 1 journ\u00e9e (7h)<\/p>\n<p><strong>Prix<\/strong>: 890\u20ac HT<\/p>\n<p><strong>Lieu:<\/strong> Paris La D\u00e9fense<\/p>\n<p><strong>Dates:<\/strong> 13 (Complet), 20, 21, 28 f\u00e9vrier, 6, 20 mars et 3 avril<\/p>\n<p><img decoding=\"async\" title=\"formation_catalyseur_datakeen\" src=\"https:\/\/www.datakeen.co\/wp-content\/uploads\/2020\/02\/formation_catalyseur_datakeen.jpg\" alt=\"formation_catalyseur_datakeen\" width=\"893\" height=\"595\" \/><\/p>\n<h3>Programme de la formation<\/h3>\n<p><b>8h45 &#8211; 9h00 &#8211; Caf\u00e9 d\u2019accueil<\/b><\/p>\n<p>&nbsp;<\/p>\n<p><b>9h00 &#8211; 11h00<\/b><\/p>\n<ul>\n<li><strong>Qu\u2019est ce que l\u2019IA?\u00a0<\/strong>\n<ul>\n<li><strong>D\u00e9finitions<\/strong><\/li>\n<li><strong>Machine Learning, Deep learning, qu\u2019est ce que c\u2019est ?\u00a0<\/strong><\/li>\n<li><strong>Les champs d\u2019application ? Exemples concrets<\/strong><\/li>\n<\/ul>\n<\/li>\n<li><strong>Histoire de l\u2019IA<\/strong>\n<ul>\n<li><strong>Les origines<\/strong><\/li>\n<li><strong>Les grandes \u00e9tapes<\/strong><\/li>\n<li><strong>Les diff\u00e9rents courants<\/strong><\/li>\n<\/ul>\n<\/li>\n<li><strong>L\u2019\u00e9cosyst\u00e8me de l\u2019IA : les diff\u00e9rents acteurs\u00a0<\/strong><\/li>\n<\/ul>\n<p>&nbsp;<\/p>\n<p><b>11h00 &#8211; 11h15\u00a0 &#8211; Pause<\/b><\/p>\n<p>&nbsp;<\/p>\n<p><b>11h15 &#8211; 13h00<\/b><\/p>\n<ul>\n<li><strong>Les diff\u00e9rents algorithmes\/ briques\/ champs d\u2019\u00e9tude de l\u2019IA<\/strong>\n<ul>\n<li><strong>Raisonnement automatique ou syst\u00e8mes experts<\/strong><\/li>\n<li><strong>Apprentissage automatique (machine learning)<\/strong><\/li>\n<li><strong>Apprentissage profond (deep learning)<\/strong><\/li>\n<\/ul>\n<\/li>\n<li><strong>Les grands cas d\u2019usages :<\/strong>\n<ul>\n<li><strong>\u00a0Traitement des images, traitement du langage, robotique&#8230;<\/strong><\/li>\n<\/ul>\n<\/li>\n<li><strong>Les applications m\u00e9tiers de l\u2019IA :\u00a0<\/strong>\n<ul>\n<li><strong>Banque, industrie, sant\u00e9, secteur public, d\u00e9fense&#8230;<\/strong><\/li>\n<\/ul>\n<\/li>\n<\/ul>\n<p><b>13h00 &#8211; 14h00 &#8211; Repas<\/b><\/p>\n<p><b>14h00 &#8211; 17h00 : Atelier pratique\u00a0<\/b><\/p>\n<ul>\n<li><strong>La notion d\u2019apprentissage<\/strong><\/li>\n<li><strong>Exemple: reconnaissance entre des fruits et des l\u00e9gumes<\/strong><\/li>\n<li><strong>Premiers pas avec Jupyter Notebook<\/strong><\/li>\n<li><strong>Ethique et IA: de quoi parle-t-on ?<\/strong><\/li>\n<\/ul>\n<p><b>17h00 &#8211; 17h30\u00a0 &#8211; Conclusion<\/b><\/p>\n<ul>\n<li><strong>Synth\u00e8se des points abord\u00e9s<\/strong><\/li>\n<li><strong>Questions\/R\u00e9ponses additionnelles<\/strong><\/li>\n<\/ul>\n<p><!--:--><!--:en--><\/p>\n<p>\u00a0S&#8217;inscrire \u00e0 la formation <\/a><\/p>\n<p>&nbsp;<\/p>\n<p> T\u00e9l\u00e9charger le programme <\/a><\/p>\n<p><!--:--><\/p>\n","protected":false},"excerpt":{"rendered":"<p>Formation: Les fondamentaux de l&#8217;intelligence artificielle \u00a0S&#8217;inscrire \u00e0 la formation &nbsp; T\u00e9l\u00e9charger le programme &nbsp; Pr\u00e9sentation Voiture autonome, reconnaissance faciale,\u00a0automatisation du travail,\u00a0l\u2019intelligence artificielle transforme le monde\u00a0et impacte tous les secteurs d&#8217;activit\u00e9s. Dans la prochaine d\u00e9c\u00e9nnie, les entreprises qui n\u2019auront pas su n\u00e9gocier le virage de l&#8217;IA se verront distanc\u00e9es par leurs concurrents. Si le\u00a0terme\u00a0fascine autant [&hellip;]<\/p>\n","protected":false},"author":6,"featured_media":0,"parent":0,"menu_order":0,"comment_status":"closed","ping_status":"closed","template":"","meta":{"_et_pb_use_builder":"","_et_pb_old_content":"","_et_gb_content_width":"","content-type":"","footnotes":""},"class_list":["post-3372","page","type-page","status-publish","hentry"],"yoast_head":"<!-- This site is optimized with the Yoast SEO plugin v25.5 - https:\/\/yoast.com\/wordpress\/plugins\/seo\/ -->\n<title>Training : Basics of Artificial Intelligence - Datakeen<\/title>\n<meta name=\"robots\" content=\"index, follow, max-snippet:-1, max-image-preview:large, max-video-preview:-1\" \/>\n<link rel=\"canonical\" href=\"https:\/\/legacy-wp.datakeen.co\/en\/formation-ia\/\" \/>\n<meta property=\"og:locale\" content=\"en_US\" \/>\n<meta property=\"og:type\" content=\"article\" \/>\n<meta property=\"og:title\" content=\"Training : Basics of Artificial Intelligence - Datakeen\" \/>\n<meta property=\"og:description\" content=\"Formation: Les fondamentaux de l&#8217;intelligence artificielle \u00a0S&#8217;inscrire \u00e0 la formation &nbsp; T\u00e9l\u00e9charger le programme &nbsp; Pr\u00e9sentation Voiture autonome, reconnaissance faciale,\u00a0automatisation du travail,\u00a0l\u2019intelligence artificielle transforme le monde\u00a0et impacte tous les secteurs d&#8217;activit\u00e9s. Dans la prochaine d\u00e9c\u00e9nnie, les entreprises qui n\u2019auront pas su n\u00e9gocier le virage de l&#8217;IA se verront distanc\u00e9es par leurs concurrents. Si le\u00a0terme\u00a0fascine autant [&hellip;]\" \/>\n<meta property=\"og:url\" content=\"https:\/\/legacy-wp.datakeen.co\/en\/formation-ia\/\" \/>\n<meta property=\"og:site_name\" content=\"Datakeen\" \/>\n<meta property=\"article:modified_time\" content=\"2021-08-26T13:14:04+00:00\" \/>\n<meta property=\"og:image\" content=\"https:\/\/www.datakeen.co\/wp-content\/uploads\/2020\/01\/artificial-intelligence-3685928_1920.png\" \/>\n<meta name=\"twitter:card\" content=\"summary_large_image\" \/>\n<meta name=\"twitter:site\" content=\"@DatakeenCO\" \/>\n<meta name=\"twitter:label1\" content=\"Est. reading time\" \/>\n\t<meta name=\"twitter:data1\" content=\"3 minutes\" \/>\n<!-- \/ Yoast SEO plugin. -->","yoast_head_json":{"title":"Training : Basics of Artificial Intelligence - Datakeen","robots":{"index":"index","follow":"follow","max-snippet":"max-snippet:-1","max-image-preview":"max-image-preview:large","max-video-preview":"max-video-preview:-1"},"canonical":"https:\/\/legacy-wp.datakeen.co\/en\/formation-ia\/","og_locale":"en_US","og_type":"article","og_title":"Training : Basics of Artificial Intelligence - Datakeen","og_description":"Formation: Les fondamentaux de l&#8217;intelligence artificielle \u00a0S&#8217;inscrire \u00e0 la formation &nbsp; T\u00e9l\u00e9charger le programme &nbsp; Pr\u00e9sentation Voiture autonome, reconnaissance faciale,\u00a0automatisation du travail,\u00a0l\u2019intelligence artificielle transforme le monde\u00a0et impacte tous les secteurs d&#8217;activit\u00e9s. Dans la prochaine d\u00e9c\u00e9nnie, les entreprises qui n\u2019auront pas su n\u00e9gocier le virage de l&#8217;IA se verront distanc\u00e9es par leurs concurrents. Si le\u00a0terme\u00a0fascine autant [&hellip;]","og_url":"https:\/\/legacy-wp.datakeen.co\/en\/formation-ia\/","og_site_name":"Datakeen","article_modified_time":"2021-08-26T13:14:04+00:00","og_image":[{"url":"https:\/\/www.datakeen.co\/wp-content\/uploads\/2020\/01\/artificial-intelligence-3685928_1920.png","type":"","width":"","height":""}],"twitter_card":"summary_large_image","twitter_site":"@DatakeenCO","twitter_misc":{"Est. reading time":"3 minutes"},"schema":{"@context":"https:\/\/schema.org","@graph":[{"@type":"WebPage","@id":"https:\/\/legacy-wp.datakeen.co\/en\/formation-ia\/","url":"https:\/\/legacy-wp.datakeen.co\/en\/formation-ia\/","name":"Training : Basics of Artificial Intelligence - Datakeen","isPartOf":{"@id":"https:\/\/legacy-wp.datakeen.co\/en\/#website"},"primaryImageOfPage":{"@id":"https:\/\/legacy-wp.datakeen.co\/en\/formation-ia\/#primaryimage"},"image":{"@id":"https:\/\/legacy-wp.datakeen.co\/en\/formation-ia\/#primaryimage"},"thumbnailUrl":"https:\/\/www.datakeen.co\/wp-content\/uploads\/2020\/01\/artificial-intelligence-3685928_1920.png","datePublished":"2020-01-15T14:20:40+00:00","dateModified":"2021-08-26T13:14:04+00:00","breadcrumb":{"@id":"https:\/\/legacy-wp.datakeen.co\/en\/formation-ia\/#breadcrumb"},"inLanguage":"en-US","potentialAction":[{"@type":"ReadAction","target":["https:\/\/legacy-wp.datakeen.co\/en\/formation-ia\/"]}]},{"@type":"ImageObject","inLanguage":"en-US","@id":"https:\/\/legacy-wp.datakeen.co\/en\/formation-ia\/#primaryimage","url":"https:\/\/www.datakeen.co\/wp-content\/uploads\/2020\/01\/artificial-intelligence-3685928_1920.png","contentUrl":"https:\/\/www.datakeen.co\/wp-content\/uploads\/2020\/01\/artificial-intelligence-3685928_1920.png"},{"@type":"BreadcrumbList","@id":"https:\/\/legacy-wp.datakeen.co\/en\/formation-ia\/#breadcrumb","itemListElement":[{"@type":"ListItem","position":1,"name":"Accueil","item":"https:\/\/legacy-wp.datakeen.co\/en\/"},{"@type":"ListItem","position":2,"name":"Training : Basics of Artificial Intelligence"}]},{"@type":"WebSite","@id":"https:\/\/legacy-wp.datakeen.co\/en\/#website","url":"https:\/\/legacy-wp.datakeen.co\/en\/","name":"Datakeen","description":"[:fr]Democratise l&#039;IA en Entreprise[:en]Democratize AI Solutions[:de]KI-L\u00f6sungen demokratisieren[:es]Democratizar las soluciones de IA[:ja]\u4eba\u5de5\u77e5\u80fd\u30bd\u30ea\u30e5\u30fc\u30b7\u30e7\u30f3\u306e\u6c11\u4e3b\u5316[:zh]\u6c11\u4e3b\u5316\u4eba\u5de5\u667a\u80fd\u89e3\u51b3\u65b9\u6848[:]","publisher":{"@id":"https:\/\/legacy-wp.datakeen.co\/en\/#organization"},"potentialAction":[{"@type":"SearchAction","target":{"@type":"EntryPoint","urlTemplate":"https:\/\/legacy-wp.datakeen.co\/en\/?s={search_term_string}"},"query-input":{"@type":"PropertyValueSpecification","valueRequired":true,"valueName":"search_term_string"}}],"inLanguage":"en-US"},{"@type":"Organization","@id":"https:\/\/legacy-wp.datakeen.co\/en\/#organization","name":"Datakeen","url":"https:\/\/legacy-wp.datakeen.co\/en\/","logo":{"@type":"ImageObject","inLanguage":"en-US","@id":"https:\/\/legacy-wp.datakeen.co\/en\/#\/schema\/logo\/image\/","url":"https:\/\/media.datakeen.co\/wp-content\/uploads\/2017\/03\/28141638\/datakeen_large_blue_nobg.png","contentUrl":"https:\/\/media.datakeen.co\/wp-content\/uploads\/2017\/03\/28141638\/datakeen_large_blue_nobg.png","width":2000,"height":826,"caption":"Datakeen"},"image":{"@id":"https:\/\/legacy-wp.datakeen.co\/en\/#\/schema\/logo\/image\/"},"sameAs":["https:\/\/x.com\/DatakeenCO","https:\/\/www.linkedin.com\/company\/11023029"]}]}},"_links":{"self":[{"href":"https:\/\/legacy-wp.datakeen.co\/en\/wp-json\/wp\/v2\/pages\/3372","targetHints":{"allow":["GET"]}}],"collection":[{"href":"https:\/\/legacy-wp.datakeen.co\/en\/wp-json\/wp\/v2\/pages"}],"about":[{"href":"https:\/\/legacy-wp.datakeen.co\/en\/wp-json\/wp\/v2\/types\/page"}],"author":[{"embeddable":true,"href":"https:\/\/legacy-wp.datakeen.co\/en\/wp-json\/wp\/v2\/users\/6"}],"replies":[{"embeddable":true,"href":"https:\/\/legacy-wp.datakeen.co\/en\/wp-json\/wp\/v2\/comments?post=3372"}],"version-history":[{"count":0,"href":"https:\/\/legacy-wp.datakeen.co\/en\/wp-json\/wp\/v2\/pages\/3372\/revisions"}],"wp:attachment":[{"href":"https:\/\/legacy-wp.datakeen.co\/en\/wp-json\/wp\/v2\/media?parent=3372"}],"curies":[{"name":"wp","href":"https:\/\/api.w.org\/{rel}","templated":true}]}}