{"id":3382,"date":"2019-09-20T22:54:27","date_gmt":"2019-09-20T22:54:27","guid":{"rendered":"https:\/\/datakeen.co\/notre-mission-notre-vision\/"},"modified":"2022-06-30T15:00:22","modified_gmt":"2022-06-30T15:00:22","slug":"notre-mission-notre-vision","status":"publish","type":"page","link":"https:\/\/legacy-wp.datakeen.co\/en\/notre-mission-notre-vision\/","title":{"rendered":"Our mission, our vision"},"content":{"rendered":"<p>[et_pb_section fb_built=&#8221;1&#8243; admin_label=&#8221;section&#8221; _builder_version=&#8221;4.16&#8243; custom_padding=&#8221;0px|||||&#8221; global_colors_info=&#8221;{}&#8221; theme_builder_area=&#8221;post_content&#8221;][et_pb_row _builder_version=&#8221;4.17.4&#8243; _module_preset=&#8221;default&#8221; global_colors_info=&#8221;{}&#8221; theme_builder_area=&#8221;post_content&#8221;][et_pb_column type=&#8221;4_4&#8243; _builder_version=&#8221;4.17.4&#8243; _module_preset=&#8221;default&#8221; global_colors_info=&#8221;{}&#8221; theme_builder_area=&#8221;post_content&#8221;][et_pb_text _builder_version=&#8221;4.17.4&#8243; _module_preset=&#8221;default&#8221; global_colors_info=&#8221;{}&#8221; theme_builder_area=&#8221;post_content&#8221;]<\/p>\n<h1><span style=\"color: #5684ff;\"><b>Our mission, our vision<\/b><\/span><\/h1>\n<p>[\/et_pb_text][\/et_pb_column][\/et_pb_row][et_pb_row admin_label=&#8221;row&#8221; _builder_version=&#8221;4.16&#8243; background_size=&#8221;initial&#8221; background_position=&#8221;top_left&#8221; background_repeat=&#8221;repeat&#8221; global_colors_info=&#8221;{}&#8221; theme_builder_area=&#8221;post_content&#8221;][et_pb_column type=&#8221;4_4&#8243; _builder_version=&#8221;4.16&#8243; custom_padding=&#8221;|||&#8221; global_colors_info=&#8221;{}&#8221; custom_padding__hover=&#8221;|||&#8221; theme_builder_area=&#8221;post_content&#8221;][et_pb_text admin_label=&#8221;Text&#8221; _builder_version=&#8221;4.16&#8243; background_size=&#8221;initial&#8221; background_position=&#8221;top_left&#8221; background_repeat=&#8221;repeat&#8221; global_colors_info=&#8221;{}&#8221; theme_builder_area=&#8221;post_content&#8221;]<\/p>\n<p><!--:fr-->Nous croyons que dans les 30 prochaines ann\u00e9es, l\u2019Intelligence Artificielle sera d\u00e9ploy\u00e9e partout : logement, transports, sant\u00e9, entreprises. Tous les secteurs, toutes les organisations seront impact\u00e9s.<\/p>\n<p>Pour les entreprises et les organisations qui sauront l&#8217;utiliser, les b\u00e9n\u00e9fices seront multiples, les avantages comp\u00e9titifs majeurs et les chances de survie multipli\u00e9es. Pour les autres, l&#8217;\u00e9cart \u00e0 combler avec la concurrence s&#8217;\u00e9largira rapidement jusqu&#8217;\u00e0 devenir irrattrapable.<\/p>\n<p>Actuellement, les freins au d\u00e9ploiement de l&#8217;IA sont principalement humains : manque de personnes form\u00e9es pour cr\u00e9er et maintenir les mod\u00e8les, manque de compr\u00e9hension et de confiance des collaborateurs.<\/p>\n<p>Nous pensons qu&#8217;outre les aspects de formation et de conduite du changement, la complexit\u00e9 des outils actuels freine la compr\u00e9hension et la d\u00e9mocratisation de l&#8217;IA.<\/p>\n<p>Depuis 2016, Datakeen d\u00e9veloppe une plate-forme accessible \u00e0 tous les collaborateurs non-experts de la donn\u00e9e pour lever ces freins et permettre de d\u00e9ployer l\u2019IA au sein de leur organisation.<\/p>\n<p>Nous rendons accessible l&#8217;IA au plus grand nombre, appelant \u00e0 son utilisation rapidement et sereinement et d\u00e9mystifiant les craintes irr\u00e9alistes.<\/p>\n<p>&nbsp;<\/p>\n<p style=\"text-align: center;\"><b>Int\u00e9r\u00e9ss\u00e9s ? \u00c9changeons\u00a0sur vos enjeux et demandez une d\u00e9mo.<\/b><b><\/b><\/p>\n<p><!--:--><\/p>\n<p>[\/et_pb_text][et_pb_button button_url=&#8221;@ET-DC@eyJkeW5hbWljIjp0cnVlLCJjb250ZW50IjoicG9zdF9saW5rX3VybF9wYWdlIiwic2V0dGluZ3MiOnsicG9zdF9pZCI6IjI2MTUifX0=@&#8221; button_text=&#8221;Request a demo&#8221; button_alignment=&#8221;center&#8221; _builder_version=&#8221;4.17.4&#8243; _dynamic_attributes=&#8221;button_url&#8221; _module_preset=&#8221;default&#8221; custom_margin=&#8221;15px||||false|false&#8221; global_module=&#8221;4432&#8243; global_colors_info=&#8221;{}&#8221; theme_builder_area=&#8221;post_content&#8221;][\/et_pb_button][\/et_pb_column][\/et_pb_row][\/et_pb_section]<\/p>\n","protected":false},"excerpt":{"rendered":"<p>Our mission, our visionNous croyons que dans les 30 prochaines ann\u00e9es, l\u2019Intelligence Artificielle sera d\u00e9ploy\u00e9e partout : logement, transports, sant\u00e9, entreprises. Tous les secteurs, toutes les organisations seront impact\u00e9s. Pour les entreprises et les organisations qui sauront l&#8217;utiliser, les b\u00e9n\u00e9fices seront multiples, les avantages comp\u00e9titifs majeurs et les chances de survie multipli\u00e9es. Pour les autres, [&hellip;]<\/p>\n","protected":false},"author":6,"featured_media":0,"parent":0,"menu_order":0,"comment_status":"closed","ping_status":"closed","template":"","meta":{"_et_pb_use_builder":"on","_et_pb_old_content":"","_et_gb_content_width":"","content-type":"","footnotes":""},"class_list":["post-3382","page","type-page","status-publish","hentry"],"yoast_head":"<!-- This site is optimized with the Yoast SEO plugin v25.5 - https:\/\/yoast.com\/wordpress\/plugins\/seo\/ -->\n<title>Our mission, our vision - Datakeen<\/title>\n<meta name=\"robots\" content=\"index, follow, max-snippet:-1, max-image-preview:large, max-video-preview:-1\" \/>\n<link rel=\"canonical\" href=\"https:\/\/legacy-wp.datakeen.co\/en\/notre-mission-notre-vision\/\" \/>\n<meta property=\"og:locale\" content=\"en_US\" \/>\n<meta property=\"og:type\" content=\"article\" \/>\n<meta property=\"og:title\" content=\"Our mission, our vision - Datakeen\" \/>\n<meta property=\"og:description\" content=\"Our mission, our visionNous croyons que dans les 30 prochaines ann\u00e9es, l\u2019Intelligence Artificielle sera d\u00e9ploy\u00e9e partout : logement, transports, sant\u00e9, entreprises. Tous les secteurs, toutes les organisations seront impact\u00e9s. Pour les entreprises et les organisations qui sauront l&#039;utiliser, les b\u00e9n\u00e9fices seront multiples, les avantages comp\u00e9titifs majeurs et les chances de survie multipli\u00e9es. Pour les autres, [&hellip;]\" \/>\n<meta property=\"og:url\" content=\"https:\/\/legacy-wp.datakeen.co\/en\/notre-mission-notre-vision\/\" \/>\n<meta property=\"og:site_name\" content=\"Datakeen\" \/>\n<meta property=\"article:modified_time\" content=\"2022-06-30T15:00:22+00:00\" \/>\n<meta name=\"twitter:card\" content=\"summary_large_image\" \/>\n<meta name=\"twitter:site\" content=\"@DatakeenCO\" \/>\n<meta name=\"twitter:label1\" content=\"Est. reading time\" \/>\n\t<meta name=\"twitter:data1\" content=\"1 minute\" \/>\n<!-- \/ Yoast SEO plugin. -->","yoast_head_json":{"title":"Our mission, our vision - Datakeen","robots":{"index":"index","follow":"follow","max-snippet":"max-snippet:-1","max-image-preview":"max-image-preview:large","max-video-preview":"max-video-preview:-1"},"canonical":"https:\/\/legacy-wp.datakeen.co\/en\/notre-mission-notre-vision\/","og_locale":"en_US","og_type":"article","og_title":"Our mission, our vision - Datakeen","og_description":"Our mission, our visionNous croyons que dans les 30 prochaines ann\u00e9es, l\u2019Intelligence Artificielle sera d\u00e9ploy\u00e9e partout : logement, transports, sant\u00e9, entreprises. Tous les secteurs, toutes les organisations seront impact\u00e9s. Pour les entreprises et les organisations qui sauront l'utiliser, les b\u00e9n\u00e9fices seront multiples, les avantages comp\u00e9titifs majeurs et les chances de survie multipli\u00e9es. Pour les autres, [&hellip;]","og_url":"https:\/\/legacy-wp.datakeen.co\/en\/notre-mission-notre-vision\/","og_site_name":"Datakeen","article_modified_time":"2022-06-30T15:00:22+00:00","twitter_card":"summary_large_image","twitter_site":"@DatakeenCO","twitter_misc":{"Est. reading time":"1 minute"},"schema":{"@context":"https:\/\/schema.org","@graph":[{"@type":"WebPage","@id":"https:\/\/legacy-wp.datakeen.co\/en\/notre-mission-notre-vision\/","url":"https:\/\/legacy-wp.datakeen.co\/en\/notre-mission-notre-vision\/","name":"Our mission, our vision - Datakeen","isPartOf":{"@id":"https:\/\/legacy-wp.datakeen.co\/en\/#website"},"datePublished":"2019-09-20T22:54:27+00:00","dateModified":"2022-06-30T15:00:22+00:00","breadcrumb":{"@id":"https:\/\/legacy-wp.datakeen.co\/en\/notre-mission-notre-vision\/#breadcrumb"},"inLanguage":"en-US","potentialAction":[{"@type":"ReadAction","target":["https:\/\/legacy-wp.datakeen.co\/en\/notre-mission-notre-vision\/"]}]},{"@type":"BreadcrumbList","@id":"https:\/\/legacy-wp.datakeen.co\/en\/notre-mission-notre-vision\/#breadcrumb","itemListElement":[{"@type":"ListItem","position":1,"name":"Accueil","item":"https:\/\/legacy-wp.datakeen.co\/en\/"},{"@type":"ListItem","position":2,"name":"Our mission, our vision"}]},{"@type":"WebSite","@id":"https:\/\/legacy-wp.datakeen.co\/en\/#website","url":"https:\/\/legacy-wp.datakeen.co\/en\/","name":"Datakeen","description":"[:fr]Democratise l&#039;IA en Entreprise[:en]Democratize AI Solutions[:de]KI-L\u00f6sungen demokratisieren[:es]Democratizar las soluciones de IA[:ja]\u4eba\u5de5\u77e5\u80fd\u30bd\u30ea\u30e5\u30fc\u30b7\u30e7\u30f3\u306e\u6c11\u4e3b\u5316[:zh]\u6c11\u4e3b\u5316\u4eba\u5de5\u667a\u80fd\u89e3\u51b3\u65b9\u6848[:]","publisher":{"@id":"https:\/\/legacy-wp.datakeen.co\/en\/#organization"},"potentialAction":[{"@type":"SearchAction","target":{"@type":"EntryPoint","urlTemplate":"https:\/\/legacy-wp.datakeen.co\/en\/?s={search_term_string}"},"query-input":{"@type":"PropertyValueSpecification","valueRequired":true,"valueName":"search_term_string"}}],"inLanguage":"en-US"},{"@type":"Organization","@id":"https:\/\/legacy-wp.datakeen.co\/en\/#organization","name":"Datakeen","url":"https:\/\/legacy-wp.datakeen.co\/en\/","logo":{"@type":"ImageObject","inLanguage":"en-US","@id":"https:\/\/legacy-wp.datakeen.co\/en\/#\/schema\/logo\/image\/","url":"https:\/\/media.datakeen.co\/wp-content\/uploads\/2017\/03\/28141638\/datakeen_large_blue_nobg.png","contentUrl":"https:\/\/media.datakeen.co\/wp-content\/uploads\/2017\/03\/28141638\/datakeen_large_blue_nobg.png","width":2000,"height":826,"caption":"Datakeen"},"image":{"@id":"https:\/\/legacy-wp.datakeen.co\/en\/#\/schema\/logo\/image\/"},"sameAs":["https:\/\/x.com\/DatakeenCO","https:\/\/www.linkedin.com\/company\/11023029"]}]}},"_links":{"self":[{"href":"https:\/\/legacy-wp.datakeen.co\/en\/wp-json\/wp\/v2\/pages\/3382","targetHints":{"allow":["GET"]}}],"collection":[{"href":"https:\/\/legacy-wp.datakeen.co\/en\/wp-json\/wp\/v2\/pages"}],"about":[{"href":"https:\/\/legacy-wp.datakeen.co\/en\/wp-json\/wp\/v2\/types\/page"}],"author":[{"embeddable":true,"href":"https:\/\/legacy-wp.datakeen.co\/en\/wp-json\/wp\/v2\/users\/6"}],"replies":[{"embeddable":true,"href":"https:\/\/legacy-wp.datakeen.co\/en\/wp-json\/wp\/v2\/comments?post=3382"}],"version-history":[{"count":0,"href":"https:\/\/legacy-wp.datakeen.co\/en\/wp-json\/wp\/v2\/pages\/3382\/revisions"}],"wp:attachment":[{"href":"https:\/\/legacy-wp.datakeen.co\/en\/wp-json\/wp\/v2\/media?parent=3382"}],"curies":[{"name":"wp","href":"https:\/\/api.w.org\/{rel}","templated":true}]}}