{"id":3407,"date":"2019-09-20T21:42:16","date_gmt":"2019-09-20T21:42:16","guid":{"rendered":"https:\/\/datakeen.co\/recrutement\/"},"modified":"2021-08-26T13:33:43","modified_gmt":"2021-08-26T13:33:43","slug":"recrutement","status":"publish","type":"page","link":"https:\/\/legacy-wp.datakeen.co\/en\/recrutement\/","title":{"rendered":"Recruitment"},"content":{"rendered":"<p>[et_pb_section fb_built=&#8221;1&#8243; _builder_version=&#8221;3.22&#8243; global_colors_info=&#8221;{}&#8221;][et_pb_row _builder_version=&#8221;3.25&#8243; background_size=&#8221;initial&#8221; background_position=&#8221;top_left&#8221; background_repeat=&#8221;repeat&#8221; global_colors_info=&#8221;{}&#8221;][et_pb_column type=&#8221;4_4&#8243; _builder_version=&#8221;3.25&#8243; custom_padding=&#8221;|||&#8221; global_colors_info=&#8221;{}&#8221; custom_padding__hover=&#8221;|||&#8221;][et_pb_text _builder_version=&#8221;4.10.4&#8243; background_size=&#8221;initial&#8221; background_position=&#8221;top_left&#8221; background_repeat=&#8221;repeat&#8221; hover_enabled=&#8221;0&#8243; global_colors_info=&#8221;{}&#8221; sticky_enabled=&#8221;0&#8243;]<\/p>\n<p><!--:--><!--:en-->Are you looking for an exciting job in a fantastic atmosphere?<\/p>\n<p>Do you enjoy having fun, technical challenges, selling and feeling the usefulness of your work on a daily basis?<\/p>\n<p>We are constantly looking for new talents to come and participate in the adventure:<\/p>\n<ul>\n<li><a href=\"https:\/\/www.datakeen.coen\/business-developer\/\">Business Development &amp; Marketing<\/a><\/li>\n<li>Data scientists<\/li>\n<li>Young Doctor<\/li>\n<li>Machine Learning Engineer<\/li>\n<li>Account Executive<\/li>\n<li>Web Developer (internship)<\/li>\n<li>Data Scientists (internship)<\/li>\n<li>Business Development and Marketing (internship)<\/li>\n<\/ul>\n<p>&nbsp;<\/p>\n<p><strong>Please briefly explain your motivation to us at <a href=\"mailto:contact@datakeen.co\">contact@datakeen.co<\/a><\/strong><!--:--><!--:de--><\/p>\n<p><!--:--><\/p>\n<p>[\/et_pb_text][\/et_pb_column][\/et_pb_row][\/et_pb_section]<\/p>\n","protected":false},"excerpt":{"rendered":"<p>Are you looking for an exciting job in a fantastic atmosphere? Do you enjoy having fun, technical challenges, selling and feeling the usefulness of your work on a daily basis? We are constantly looking for new talents to come and participate in the adventure: Business Development &amp; Marketing Data scientists Young Doctor Machine Learning Engineer [&hellip;]<\/p>\n","protected":false},"author":1,"featured_media":0,"parent":0,"menu_order":0,"comment_status":"closed","ping_status":"closed","template":"","meta":{"_et_pb_use_builder":"on","_et_pb_old_content":"<p><!--:fr-->Tu cherches un job passionnant dans une atmosph\u00e8re fantastique ?<\/p><p>Tu aimes t'amuser, les d\u00e9fis techniques, vendre et sentir l'utilit\u00e9 de ton travail au quotidien ?<\/p><p>Nous sommes en permanence \u00e0 la recherche de nouveaux talents pour venir participer \u00e0 l'aventure.<\/p><p><strong>Tu peux trouver tous nos offres <a href=\"https:\/\/www.jobteaser.com\/fr\/companies\/datakeen\/job-offers\">ici<\/a>:<\/strong><\/p><p><strong>BUSINESS\u00a0<\/strong><\/p><ul><li>Business Developper<\/li><li>Account Executive<\/li><li>Marketing\u00a0<\/li><li>Data scientist\u00a0<\/li><\/ul><p><strong>TECH<\/strong><\/p><ul><li>Machine Learing Ops\u00a0<\/li><li>Machine Learning EngineeR<\/li><li>Jeune Docteur Data Scientist ICI (voir site <a href=\"https:\/\/www.abg.asso.fr\/fr\/\">ABG<\/a>\u00a0et <a href=\"https:\/\/www.apec.fr\/\">APEC)<\/a><\/li><li><a href=\"https:\/\/www.jobteaser.com\/fr\/companies\/datakeen\/job-offers\">Developpeur Web Full Stack<\/a> (<strong>stage ou alternant<\/strong>)<\/li><li><a href=\"https:\/\/www.datakeen.co\/wp-content\/uploads\/2019\/11\/9dcb6d_f90c8e77b8bc46b98fde2105e5dd927d.pdf\">Data Scientist<\/a> (<strong>stage<\/strong>)<\/li><li><a href=\"https:\/\/www.jobteaser.com\/fr\/companies\/datakeen\/job-offers\">Business Developper et Marketing <\/a>(<strong>stage ou alternant<\/strong>)<\/li><\/ul><p><strong>Expliquez nous bri\u00e8vement votre motivation \u00e0 <a href=\"mailto:contact@datakeen.co\">contact@datakeen.co<\/a><\/strong><\/p><p><!--:--><!--:en-->Are you looking for an exciting job in a fantastic atmosphere?<\/p><p>Do you enjoy having fun, technical challenges, selling and feeling the usefulness of your work on a daily basis?<\/p><p>We are constantly looking for new talents to come and participate in the adventure:<\/p><ul><li><a href=\"https:\/\/www.datakeen.coen\/business-developer\/\">Business Development & Marketing<\/a><\/li><li>Data scientists<\/li><li>Young Doctor<\/li><li>Machine Learning Engineer<\/li><li>Account Executive<\/li><li>Web Developer (internship)<\/li><li>Data Scientists (internship)<\/li><li>Business Development and Marketing (internship)<\/li><\/ul><p>\u00a0<\/p><p><strong>Please briefly explain your motivation to us at <a href=\"mailto:contact@datakeen.co\">contact@datakeen.co<\/a><\/strong><!--:--><!--:de-->Sind Sie auf der Suche nach einem spannenden Job in einer fantastischen Atmosph\u00e4re?<\/p><p>Haben Sie Spa\u00df daran, Spa\u00df an technischen Herausforderungen zu haben, zu verkaufen und den Nutzen Ihrer Arbeit t\u00e4glich zu sp\u00fcren?<\/p><p>Wir sind st\u00e4ndig auf der Suche nach neuen Talenten, die kommen und am Abenteuer teilnehmen k\u00f6nnen:<\/p><ul><li>Datenwissenschaftler<\/li><li>Junger Arzt<\/li><li>Maschinenlerntechniker<\/li><li>Gesch\u00e4ftsentwicklung & Marketing<\/li><li>Kundenbetreuer<\/li><li>Webentwickler (Praktikum)<\/li><li>Datenwissenschaftler (Praktikum)<\/li><li>Gesch\u00e4ftsentwicklung und Marketing (Praktikum)<\/li><\/ul><p>Bitte erl\u00e4utern Sie uns Ihre Motivation kurz unter <a href=\"mailto:contact@datakeen.co\">contact@datakeen.co<\/a><\/p><p>\u00a0<!--:--><\/p>","_et_gb_content_width":"","content-type":"","footnotes":""},"class_list":["post-3407","page","type-page","status-publish","hentry"],"yoast_head":"<!-- This site is optimized with the Yoast SEO plugin v25.5 - https:\/\/yoast.com\/wordpress\/plugins\/seo\/ -->\n<title>Recruitment - Datakeen<\/title>\n<meta name=\"robots\" content=\"index, follow, max-snippet:-1, max-image-preview:large, max-video-preview:-1\" \/>\n<link rel=\"canonical\" href=\"https:\/\/legacy-wp.datakeen.co\/en\/recrutement\/\" \/>\n<meta property=\"og:locale\" content=\"en_US\" \/>\n<meta property=\"og:type\" content=\"article\" \/>\n<meta property=\"og:title\" content=\"Recruitment - Datakeen\" \/>\n<meta property=\"og:description\" content=\"Are you looking for an exciting job in a fantastic atmosphere? Do you enjoy having fun, technical challenges, selling and feeling the usefulness of your work on a daily basis? We are constantly looking for new talents to come and participate in the adventure: Business Development &amp; Marketing Data scientists Young Doctor Machine Learning Engineer [&hellip;]\" \/>\n<meta property=\"og:url\" content=\"https:\/\/legacy-wp.datakeen.co\/en\/recrutement\/\" \/>\n<meta property=\"og:site_name\" content=\"Datakeen\" \/>\n<meta property=\"article:modified_time\" content=\"2021-08-26T13:33:43+00:00\" \/>\n<meta name=\"twitter:card\" content=\"summary_large_image\" \/>\n<meta name=\"twitter:site\" content=\"@DatakeenCO\" \/>\n<meta name=\"twitter:label1\" content=\"Est. reading time\" \/>\n\t<meta name=\"twitter:data1\" content=\"2 minutes\" \/>\n<!-- \/ Yoast SEO plugin. -->","yoast_head_json":{"title":"Recruitment - Datakeen","robots":{"index":"index","follow":"follow","max-snippet":"max-snippet:-1","max-image-preview":"max-image-preview:large","max-video-preview":"max-video-preview:-1"},"canonical":"https:\/\/legacy-wp.datakeen.co\/en\/recrutement\/","og_locale":"en_US","og_type":"article","og_title":"Recruitment - Datakeen","og_description":"Are you looking for an exciting job in a fantastic atmosphere? Do you enjoy having fun, technical challenges, selling and feeling the usefulness of your work on a daily basis? We are constantly looking for new talents to come and participate in the adventure: Business Development &amp; Marketing Data scientists Young Doctor Machine Learning Engineer [&hellip;]","og_url":"https:\/\/legacy-wp.datakeen.co\/en\/recrutement\/","og_site_name":"Datakeen","article_modified_time":"2021-08-26T13:33:43+00:00","twitter_card":"summary_large_image","twitter_site":"@DatakeenCO","twitter_misc":{"Est. reading time":"2 minutes"},"schema":{"@context":"https:\/\/schema.org","@graph":[{"@type":"WebPage","@id":"https:\/\/legacy-wp.datakeen.co\/en\/recrutement\/","url":"https:\/\/legacy-wp.datakeen.co\/en\/recrutement\/","name":"Recruitment - Datakeen","isPartOf":{"@id":"https:\/\/legacy-wp.datakeen.co\/en\/#website"},"datePublished":"2019-09-20T21:42:16+00:00","dateModified":"2021-08-26T13:33:43+00:00","breadcrumb":{"@id":"https:\/\/legacy-wp.datakeen.co\/en\/recrutement\/#breadcrumb"},"inLanguage":"en-US","potentialAction":[{"@type":"ReadAction","target":["https:\/\/legacy-wp.datakeen.co\/en\/recrutement\/"]}]},{"@type":"BreadcrumbList","@id":"https:\/\/legacy-wp.datakeen.co\/en\/recrutement\/#breadcrumb","itemListElement":[{"@type":"ListItem","position":1,"name":"Accueil","item":"https:\/\/legacy-wp.datakeen.co\/en\/"},{"@type":"ListItem","position":2,"name":"Recruitment"}]},{"@type":"WebSite","@id":"https:\/\/legacy-wp.datakeen.co\/en\/#website","url":"https:\/\/legacy-wp.datakeen.co\/en\/","name":"Datakeen","description":"[:fr]Democratise l&#039;IA en Entreprise[:en]Democratize AI Solutions[:de]KI-L\u00f6sungen demokratisieren[:es]Democratizar las soluciones de IA[:ja]\u4eba\u5de5\u77e5\u80fd\u30bd\u30ea\u30e5\u30fc\u30b7\u30e7\u30f3\u306e\u6c11\u4e3b\u5316[:zh]\u6c11\u4e3b\u5316\u4eba\u5de5\u667a\u80fd\u89e3\u51b3\u65b9\u6848[:]","publisher":{"@id":"https:\/\/legacy-wp.datakeen.co\/en\/#organization"},"potentialAction":[{"@type":"SearchAction","target":{"@type":"EntryPoint","urlTemplate":"https:\/\/legacy-wp.datakeen.co\/en\/?s={search_term_string}"},"query-input":{"@type":"PropertyValueSpecification","valueRequired":true,"valueName":"search_term_string"}}],"inLanguage":"en-US"},{"@type":"Organization","@id":"https:\/\/legacy-wp.datakeen.co\/en\/#organization","name":"Datakeen","url":"https:\/\/legacy-wp.datakeen.co\/en\/","logo":{"@type":"ImageObject","inLanguage":"en-US","@id":"https:\/\/legacy-wp.datakeen.co\/en\/#\/schema\/logo\/image\/","url":"https:\/\/media.datakeen.co\/wp-content\/uploads\/2017\/03\/28141638\/datakeen_large_blue_nobg.png","contentUrl":"https:\/\/media.datakeen.co\/wp-content\/uploads\/2017\/03\/28141638\/datakeen_large_blue_nobg.png","width":2000,"height":826,"caption":"Datakeen"},"image":{"@id":"https:\/\/legacy-wp.datakeen.co\/en\/#\/schema\/logo\/image\/"},"sameAs":["https:\/\/x.com\/DatakeenCO","https:\/\/www.linkedin.com\/company\/11023029"]}]}},"_links":{"self":[{"href":"https:\/\/legacy-wp.datakeen.co\/en\/wp-json\/wp\/v2\/pages\/3407","targetHints":{"allow":["GET"]}}],"collection":[{"href":"https:\/\/legacy-wp.datakeen.co\/en\/wp-json\/wp\/v2\/pages"}],"about":[{"href":"https:\/\/legacy-wp.datakeen.co\/en\/wp-json\/wp\/v2\/types\/page"}],"author":[{"embeddable":true,"href":"https:\/\/legacy-wp.datakeen.co\/en\/wp-json\/wp\/v2\/users\/1"}],"replies":[{"embeddable":true,"href":"https:\/\/legacy-wp.datakeen.co\/en\/wp-json\/wp\/v2\/comments?post=3407"}],"version-history":[{"count":0,"href":"https:\/\/legacy-wp.datakeen.co\/en\/wp-json\/wp\/v2\/pages\/3407\/revisions"}],"wp:attachment":[{"href":"https:\/\/legacy-wp.datakeen.co\/en\/wp-json\/wp\/v2\/media?parent=3407"}],"curies":[{"name":"wp","href":"https:\/\/api.w.org\/{rel}","templated":true}]}}