{"id":3422,"date":"2019-09-30T09:23:04","date_gmt":"2019-09-30T09:23:04","guid":{"rendered":"https:\/\/datakeen.co\/partenaires\/"},"modified":"2023-06-02T19:38:33","modified_gmt":"2023-06-02T19:38:33","slug":"partenaires-3","status":"publish","type":"page","link":"https:\/\/legacy-wp.datakeen.co\/en\/partenaires-3\/","title":{"rendered":"Partenaires"},"content":{"rendered":"<p>[et_pb_section fb_built=&#8221;1&#8243; admin_label=&#8221;section&#8221; _builder_version=&#8221;4.16&#8243; global_colors_info=&#8221;{}&#8221;][et_pb_row admin_label=&#8221;row&#8221; _builder_version=&#8221;4.16&#8243; background_size=&#8221;initial&#8221; background_position=&#8221;top_left&#8221; background_repeat=&#8221;repeat&#8221; global_colors_info=&#8221;{}&#8221;][et_pb_column type=&#8221;4_4&#8243; _builder_version=&#8221;4.16&#8243; custom_padding=&#8221;|||&#8221; global_colors_info=&#8221;{}&#8221; custom_padding__hover=&#8221;|||&#8221;][et_pb_text _builder_version=&#8221;4.20.0&#8243; _module_preset=&#8221;9e597d44-66f6-42b0-abf3-8f6e9bfefd7e&#8221; hover_enabled=&#8221;0&#8243; sticky_enabled=&#8221;0&#8243;]<\/p>\n<h1>Nos partenaires<\/h1>\n<p>[\/et_pb_text][et_pb_text _builder_version=&#8221;4.20.0&#8243; _module_preset=&#8221;9e597d44-66f6-42b0-abf3-8f6e9bfefd7e&#8221; hover_enabled=&#8221;0&#8243; sticky_enabled=&#8221;0&#8243;]<\/p>\n<p><span>Chez Datakeen, nous valorisons les collaborations et les partenariats strat\u00e9giques. Nous nous engageons \u00e0 travailler avec des entreprises et des organisations de premier plan afin de fournir \u00e0 nos clients les meilleures solutions en mati\u00e8re d&#8217;analyse des informations et des documents. Nous sommes fiers de travailler en \u00e9troite collaboration avec nos partenaires pour d\u00e9velopper des produits et des services innovants qui r\u00e9pondent aux besoins changeants du march\u00e9.<\/span><\/p>\n<p>[\/et_pb_text][et_pb_gallery _builder_version=&#8221;4.20.0&#8243; _module_preset=&#8221;default&#8221; gallery_ids=&#8221;233680,233681,233682,233683,233684,233685,233686,233687&#8243; posts_number=&#8221;8&#8243; show_title_and_caption=&#8221;off&#8221; show_pagination=&#8221;off&#8221; hover_enabled=&#8221;0&#8243; sticky_enabled=&#8221;0&#8243;][\/et_pb_gallery][\/et_pb_column][\/et_pb_row][\/et_pb_section]<\/p>\n","protected":false},"excerpt":{"rendered":"<p>Nos partenairesChez Datakeen, nous valorisons les collaborations et les partenariats strat\u00e9giques. Nous nous engageons \u00e0 travailler avec des entreprises et des organisations de premier plan afin de fournir \u00e0 nos clients les meilleures solutions en mati\u00e8re d&#8217;analyse des informations et des documents. Nous sommes fiers de travailler en \u00e9troite collaboration avec nos partenaires pour d\u00e9velopper [&hellip;]<\/p>\n","protected":false},"author":6,"featured_media":0,"parent":0,"menu_order":0,"comment_status":"closed","ping_status":"closed","template":"","meta":{"_et_pb_use_builder":"on","_et_pb_old_content":"With our partners, we make every effort to support our clients to succeed in their projects.\r\n\r\n&nbsp;\r\n\r\n<img class=\"alignnone\" src=\"data:image\/png;base64,iVBORw0KGgoAAAANSUhEUgAAASwAAACgCAMAAACBpqFQAAAAeFBMVEX\/\/\/8AEzoXKEzf4eYnN1jn6eyXnq4\/Tmvv8PL39\/mHkKJfa4TX2uC\/xM0EFz0vP15UYHsMHkMfMFIJG0GPl6haZn+3vMcTJUmwtsI4R2UzQmFQXXhKWHNrdoydpLPGytN6hJhmcYmCi56pr7zO0tl2gJVDUm4hMlNr6ZcOAAAG5ElEQVR4nO2baZeqOBCGZQcFVERUXFBw+f\/\/cEgFQgjxtmPPHPTc9\/lkQ0gqldoS6MkEAAAAAAAAAAAAAAAAAAAAAAAAAAAAAAAAAAAAAAAAAAAAAAAAAAAAAIzO9XRbe\/nc3h2Obji2MB9NsV4aMrY7tkQfzMxQ8YKxZfpcAsdyrLDYuse80dZxbJG+Ame6Ysoyx5bjS3CZslZjS\/ElZExZ87Gl+BJuTFnTsaX4DhxWRmz8scX4DvbMsFBovUTJdLUYW4rv4MR0tUNJ+gpuXOsqR8B6hSltdaCrFwhojziDD76As2OVO\/LgK2QmC1f8LMuvjp5tmqa9W5eVNbJgH8i5VtWS1+3BrX+8lZxGlu3D8O+1Utbchpy5crgV70eW7rMIciNeXJs\/DqSh1b6ssuIaWpYzqmifhzObisjkcNeDil7BImXNxhbjEwmsYltts6tkSBumrPyH55xrlEVhr3z1w5pem\/aCY2kQrbRXuWwS3VBBdJqWZTl1M6kitNKaaiBm5g74YWLPKMr9Q0TxzSFtJKXzLCN6\/pw19dp0aR+L9mrIdkpLud2atUgnk+PgfQjLGmym2SKJe1fv7bNOejB7d0p+3Z\/K6cfbtu1TQx2dsR2Oa7+lqsocdLQndTlkWo9nm57rof\/QvdExnUZ7ckubXckaU1XZTXRaPDequsTqHb54p6Vyed2MtR6MPtEOYFzeU9YuSZLHIzFXXU9LshM6eTAO2qeCWzONeNnKbXLfo73STWrq011\/4tga5rVNRE1Pppk0eFzxGVfvyp637LhhnQ0xeCt1Y3EPSdUd9K5qPpO4XNU2\/5IgrG42Hzrp5q19Gxbc6daiYjHOzxb0l02xg9xDjhqki8cfxr3Q08NXlBWtx3w7vEEPPHi88F1yjRW14il8q7QPqKP\/oaQ+8aUi0wr420PNOTy5YCLiFA8VJI5PgskBeiq7SU3k1cjHigv9mlxJksVwP+8v+z2G9HzGftJLFkMtdwq6+t99jVCJiZfd0BOHx7NBdqH5b2SNkD0xDZAd9d42ki7S7m9KHDupgctdSs1P1GWuOfug0eU0bQvDOXduIaGP+m+zNs7tz628OHx1V0W\/Nb3L6Js1aYBlGJpJb19kCkvleAM7alJFnskXK0N5TpCorpYLce7tmimzMzRR\/13OkpHSOovUvSWvMvsnDuUwColLe9VxqbiNJQNZDo2VVym1vUnq8lT7aSGv6738pTwQiV+p+gRF\/UXU8ZttSRRLlbrXeSGDR6N5zxvI7OWE1yRn5lumELyhUiZ91QWQIlfVxXNoqZE2Ve2EN2UShlprdAyVX8R6PzGWQteZKsqFupcCdDN4z2cm7MCQ1S6OELzlpngdFSSbgRBuW+7tik4ObUl8UbVIvpCIvmM1zA1L0l\/UDQvJbxwWEFbyugeeuhi8Lup5Js+BVSNY753\/TvE6mqumePPPbclEB9rconX+QiErXwgOcbNQjX0PvjigqL\/0On5x1HRqK6SagKbWz0s8nEvvpvlK9Sp7WtxNMKwTGjVKk54\/c6+6Xm+NK2jrTs32IRjYCUGBKhdqk9FH\/bewll1qCQ660fgid0GbW5ZsfX7SauCsdsBfFHV\/8wKx78OCK7di49xWMJraSLPPYxSTp8Xnpi\/+b7h3c\/E97RrwANpNmBuLbByUAikJlIpuQjX3RU\/di+CbBrvda2nOBrj2px1kjzG7pS8+edT\/w4HA65wMkT5CW\/UhDg\/aUigg+1sJ67BIxxsSkq+7UE5FqypXoDTX55sft1UWP07TnD0ehNM1pEI6ffGpj\/rvwI4WmqKK7+TPagvrxA9DJN8KeSg+uEV4jVweYBOeYQKe1Lyy2lbuke80e1XaYrAggcC3tokYiypJ41FZvoCaL1unazkKsemRnXr4RfdtR+ZNza3bAOKQKy1Z9PKjyk3L8+2y3nvz9kxhKc94K51QcPatCWSDQxW75xeJYhjWQ23fjOXbg+vMeMnMY7lH6uAkfsnETFu5evXdT\/RYBGEbuaAkpfCjEU3vhtn3+fDeu3uX7hb9xx9pbxm5S0uGMR2O9eC3\/eNA70XjVL3J0h1rois+WZ0fDHp5duz0E2xiu+B6o9CyacJpePOUA0F7OsjhYXmg081NPjspgeU6Xe\/sxExsb5aq1XRmmmYiZ8uLKZHY+f7cZUrndPHqjrrbtd5PcY28eyjYBUopkanClHIdXDXNt1LjSVJIfJQVEoRRlZa34\/FWus+3UsFf9D1EkHS6muGfT\/6MK3z7iA8ZfqBJ84ad4kusH6EC0jzqzteASnSYpb99yQEAAAAAAAAAAAAAAAAAAAAAAAAAAAAAAAAAAAAAAAAAAAAAAAAAAAAAwCv8A0R1Ui95HmJkAAAAAElFTkSuQmCC\" alt=\"Dassault Systemes Outscale\" width=\"300\" height=\"160\" \/>\u00a0 \u00a0 \u00a0 \u00a0 \u00a0 \u00a0 \u00a0 \u00a0 \u00a0 \u00a0\u00a0<img src=\"data:image\/png;base64,iVBORw0KGgoAAAANSUhEUgAAATcAAACiCAMAAAATIHpEAAABIFBMVEX\/\/\/8iLj3\/mQP\/lQD\/lwD\/kgD\/kAAgLDsiLz3\/kQD\/jQD\/\/foVIzQcKDhxcnT\/jAAAAB4AFyz\/\/vsADiUSIDEMHC4pNEMADSYAABnz9PUAAB3\/s0tETVr7+PNLUFgAFy3m6Or98+f4691fZnA1P07V1thYXmcAABTHxsTx7upqcXucnZ7Q0tW8v8Tq6+2coaiFipKqpqD84cT\/s1v\/rEv\/7dT+pDT\/yYX10af\/0ZeOjo86QUrg3tswN0J3fYWusrcAAAa0s7GjpKfLyMJ2d3mbmJSGhoZeX2Oipaq2ur\/FwbuQlZ1WV1vHyc32xZfzsHL5oEj+u3D7oDf92afy1Ln8lyPy3Mf+5L\/4uHr0vo3+q1H\/oib40Kz0rWb+vn3yyaKszxZuAAAKwklEQVR4nO2c+UPayhbHhWwYJkLIgvhAwhZlURHQqiBeuli9Vm\/dqtbl\/v\/\/xZslgQRs+9oaLHnn80NrhsyE+XrOmXNm0s7NAQAAAAAAAAAAAAAAAAAAAAAAAAAAAAAAAAAAAAAAAAAAAAAAAAAAAAAAAMBrkkoFMObLD\/nnkKkM9kpZyTTLdm2zUfV8Es9hJu4njfFnW70yVQbNbMSUyvbeZmP95b\/0a5NpNLtIVZFCQLpqdOvDWfa6y4SKr0OuRhtP\/KbUs0njp6HoqzbK63RQMvh+fzUT9ESmy0E2rSpSxAPS9tfcD1cQQoq67JtzPU30QNqqtzFjL+FbUbrBLqulFd0zpKQYSdtrxzOPsogiscgYyl9H7NPqIlU0aXm72ArtYDS9jRWFdpSY+x4n9bEhYxHVnnTtmeU06UqlEMty7U5K\/80+XyZyxLQjT5eMxu5Cy96BBmmqZZ9eNNKK87vQDcPA1kl+NVI3REHuVMNTUlAyGSnbJbscWTGYKIrJXHOD2o3e93RppB1tda8OfYO0pamDV\/cRkc1MJqXah71+f9lc1FBEyoZItzVNMpLdveMqC\/Kpal1lwml12tCguklla9TlRHOMUjv1DISIYUomva+vEtWk\/IG7EqesgwVD64ZoZWgk90sV33wqXZMaXJlepbKI+uRoRY2XkBOxvN7bU+lt1C4tU6EW2\/A9qdc\/CGwW0yd+ao03NajHRVZ69KpJBVHfDj9eL2NVJAmLixZGnQ6oESapNGvk55h6EvBX\/+N4r480mHvHDKk0\/LRiEL+t6US8kaG+J0ZoGtQxP9Au6d6Uv\/ars0bXWG2PXqx3JbraDpPcOtZNsVdVnzQZ6prIphcfqMHm\/+90a1CfM94zqWo0nGnDYFXClqYfWkSbpQ23sUfXWG1ALz7kiZ8mV8fHDTs5n25rS1QSN6inItj+tOMMSeyUmttlg3ZRmIkNNJbeTda14SaVJ05nLLD0PsMCnCtRRWPL66ERw9K4Aa6GryIoy5SusAVXL4WqsPoxOaqUq9ucjWha4kh0oLIc5YjopzvpiVUmQVBzF12bCWegeuiVy1gVjLUeJyZDawbF1W2gkYTODVeHaoz6ZxW7r6mygMZSF1N3V4I1xKosSdVKAyu8O3DVjffLJtnx2e9+XNg4rdLcX3d1qyCTJLlsDcgQy6JykRVUd7z3hFioMto1OXRLCkXXlI9H1pTnMx2s92mN7CQpiiRJSNWWWIk61G2OlgxOjtHDH0oGMSwS0pDp3EGE1kaJbuqjU8MSo0Na0g6hdEe6s+Uz3E0ispmj+DZ3QrxQ6lrk5+NkzDGst6SbSgNcnKqU9uxu5k4QioxQVGMvZOlc31CcuSGkI6Q4V17dWD6n0gB3osZiLEMhFX9MOyaNa1hMXI\/6AlnDVlXFdIWLSVokVPncxqLjTEvlUu2wVrP300nNjPn8NEPd0CCrZXwZubkcjXSIFhV1urYejg1dqZcXtaF0MWllc4rzCphKksYyRWkOM4Zq74htgQx1m9tTY84GiWXi+5eYQ5ZowZUhW+RU19PJ4XtHHyMaijDtpPTa5B0zCtsTMtP+g5e85NeNbQqncf6\/mifhjzkkCXuSuo6VJnWVtP9srpbqDbK6wWInKgc5lWlSYUuC6g89ObqgjuIbbiAGtYgNqmmM9kZ6RM007rpK3NToz32L3mGa7YUmj4OZxtR5SyuDiO1vzeXHdGO1vXHCUhJ3L269q7BdtiZx4++W8atlutxMhMBZpUbtTd3wt1pkrYh5daOVOrIz1BLdQBZfUGhaR0t8yfzu4cFBksQ4Gg3DANPNPbtyYftvikc3i+Z0RobsjSimG8hIiSrtW\/QEcFj3fwNqcFI5JLqxAjw\/ptuh6q8XyI20IKgcabGIPvTqCtEXVQYkLU7+YK1cDpVujp\/WfY09tlggr1ORtTOmbjSR16vjSVqrkrVCSv5g54Pam2J\/\/6aZoWlERqWnQ6aMSLmAPdMaNdLjKrScxUIl3w1bibmiflkZH2KSVXYqvfeC3\/01GbD11PA4Wa\/rFpZe92WpLTnOd45IKXXdqWYj7oYSpVn6e8wfLeqmphaWxLfCXmyQFDfvrdYlLBurUXWvDdWHO0Me910zhkWUJ3FOLarp5XrFU60el+mNihnoZKZJX6VFkLS0\/Hb1dNDMrmhSTFIXEK2MVI95VFYciQzPsWhmn+WzMd32qBTHWa6irejZ5ubgdHWwWYuwtNfMh6eyt5DzJg1SDSOPyJWkbrKzP1\/QSrk3+hbOZbaExDTfGTOTSUFGXlUNXdWdLRYtTAfRa3\/5Xn3D001v4uWTbAyZS57zeGfpxQun95TqRHWM0Le5ljUm3wwzpWRYigXGmuTdYET5TxZptZGJ1A3vhtqpFpEwRtbb+d2KSRr1T751wLJVd1PPVU3RumF6O4RglXQ1QrbIsWPpnw5YslvtGmMvp8ZrVADTF6Nyh4qJQ+H+2DqZWSvtq7r7Np2iGEa3GaJ3uFwa9ayZz+dN+0NjaGGZyddxLcLY9OO08Zmcd\/20bpfz6eTiYh6V91bDex4YyGldtdfrhVcyAAAAAABmglQqV60Wcrkg\/sVhWCncnP2zHZ0XBFkQ7+\/PWq\/9fX6P4tVUXiPNtbajIsdxfJTC84J8MdOHDJ1Epxj8Ux4+i1x0jMRMW9xlgpcfA1aueCHyGEEkzLsCJi6DfWrA7Ag8J5wHqtx2Qoh+vmi3n87fnL9pt6+Zt864bnOX8xwvcE+F4J6w1drayo3GL16JYdBtrnUhRKNB25yPJ+KriZnfistdEM\/huKkp94ANjk9M6WEBkmvLJOTMi7fB+s7l7hb9+wHbG38f6KOmxFWULnNcIvpvUIGudSYLiXmaLRI\/5c4Des50aX2WWUbKXbe\/vLx0hd02T4MaDQXb2LrFmU7fRmSeEpyjnHy\/e\/OiY9\/cRoV5uoYyI+O4KH8Rmn\/uhtNTJyXl5cT9+dbLWF2hdS7LPM3YuOsd2nSJn8PdvcjofwSFO25YDXGCcNG+KvyeUeQKV+1tZmnkl+FWdE+4RZ5e1jMFWu0EPywgeV6Mdu4uf7n8vrz7imt5dzxB2HV+CbkOHxXa4dpJSl1ey57am+exBXZuWz\/ps4Wt1u29iDXjR+b7daj\/F5xmJ7Ze\/Ku\/MoXda5n3SIfzYU7ktttvdoqFZ\/5LrjFyheLOm\/Y27sF5BuGEz62RfT0JUaET6Bxeh8KdIEbH4AWRE6P3ndvdm5ut9Wdct1q8uby7\/ecee6Yo8P6+iYsdT48iThWvA6yGX5Hqm+vExH4Z8VqcoyQEQcAmuN3pdP5D6XTut4lNCjLHzfP8eCdh\/uuDT+cHIZrYea2ZBU0Re+szyhHxht7LkU01jvLsnVQ1uTO+odzh5NvXmdRUKDw8yuKE9fwU2DjvJhLoliw\/vsZ8psjWUych\/Kp0nDj\/uPvMoLuJEGW83yL35WkizP8P8LjTxb\/PpxrFkNSlP6Jwc8clZOEnDE1ORL+ehaoc+FWKu4\/XIl5Gf2B4HC\/Mi9ePu5ehKdl\/n8LW1fnFtTgvCwI\/kWzwHE5Q5kXuun22VZzpY9FgyLRuzs5wNUBEwhKKoijLgiwkxO3727ubm3Amsy9GKp4rFKqFYsH9MxeH9z1+BhALAAAAAAAAAAAAAAAAAAAAAAAAAAAAAAAAAAAAAAAAAAAA+PP4L+AgBH0q5USOAAAAAElFTkSuQmCC\" alt=\"R\u00c3\u00a9sultat de recherche d'images pour &quot;aws&quot;\" \/><img src=\"data:image\/png;base64,iVBORw0KGgoAAAANSUhEUgAAAOEAAADhCAMAAAAJbSJIAAAA21BMVEX\/\/\/8PRXP\/\/\/0ANmgORG\/8\/\/\/\/\/\/wAOmsALmK+y9jN2t8AQXHr8vMAQm\/s8vdXcIp0h5zX5ewAPW4APXEAPGkAQGwANWsAOWsAL2CKo7UARHQAN2UANWgAOnP4\/\/8APGeXrLoAL1s6X4AARHjk8PcVRGptiaI9aItjgJgALWmFna9JaYe3v8caRmhVdo8lU3rw\/\/8yWXqAkJ56lq\/k9furv86YscYAJlsAIVq3xtDGzNRPc5ba5OegtcEqVHgRQGRgf52Lna0mXYacpbByj6xCbpaux9hAYHvT2dy7nDO+AAAJ2UlEQVR4nO2aeXfauBqHZVkSi7GDjc1iE0MAA4E0NE3TDglk6dzbzPf\/RPeVzeJFpBkOc5oz933+6KHYFvrpXSWHEARBEARBEARBEARBEARBEARBEARBEARBEARBEARBEARBEARBEARBEARBEARBEARBEARBEARBEARBkN8Apb97Bv8snPzLBVIym58pmF\/97pmdDDswVHwKf\/fE3g2lwuKUH7rIrw3GtALtSv5WS979IR0aZjVdikMKyTIwi\/o055qL3J3zESHiQyoEP3QW+fluoZ9vTJUJ9WreXFeX04+bdb809L76Cif9phYVFZZuSc6v+cLorlRD\/D3NtPDh2JFSiJHONDaiSgNYuq\/wUS2qZW4GH+\/orHSrmoMgnMuCQwU8kloVqvKa3ZeU58eKY\/xIkf2AacEXGFSRHeuNojy4u5+9i4uvF+DLn2qKGXC+yT9UiIzdqSpouYi\/FYqcBeMcG+axF+pVosg2dskvuijzP8ncm\/o1yFUOY6x1p5gBWCWsLq+urpbVzxkbhHbRJJTY8TJTbucv8NDmx4U5repShDEvKITsc9ZQpBlWrtCcwmogv3eec1OQ\/7M6g3a7da7rerc8+DaCyfPYA0fB9xnJzJmG0F18d2XVCW\/+mGavEXLzx+RAwv+FQDIrMRlr7WVhScWyqwpC45lkY4jyuRGvkptzUy54x4Vq47qB4ziGxnpBZ+OH5L7JWC2zqDQU1sJr3ssVazE3G+rE+s6+H6eQ3\/ixwuFjmIt9ES4MlcKSnU8SdzqLi6Z+l7tgTwLfDPSHWafTmc311lDT5yMR6xq50flShGk7cbFsRuZKKnSYmVdYZuUjnJRTsTL8KJ54Pn1QyI8qga1ZIeAjnw3lpcZt9vvRU8932draDGito0BzH0eJ5R4844Gm6zBk3WvDuyYHFLZZ+Sgbip9bT\/SfRmKfpDkXI1U3ExmRlV0ITmatbYRG6Qs0HBi+Pk5naDHWNXeSOMuyycpZr6arJmsu5adqSSpMX4pteIxAQm6dbQ1wxmIfFzDxuqsyob7OPk+hnu5yUDulPvYBfUZEJthuu0O9H1sn7LG82\/RLWvSZHlKoHaMQBjnbxhqLW7HtsIJUlQKNm0JCmjo7E8o0sRvbYpoL7Wu2NwjPICpqRAbIzPEeeSYOF2ZpFn88oUJee9w2LYz5g13rzEU4L6YZpvnBvdj85HYCFX1XUNj5FdnPudMyvRXNVgRO7Z4GPSJ8Jey2H1TTcVgta+0ki53ShrV0rEEu3AxL6V2xUkBtdJ8TBYL0Own911Rf58zILiOHA9Od5g0OF6cNJgsbtFBzvzdOXxy77iR54JQ2XLXTLrjYDivCqNiQgq2eNr0GrTQbTkni+Nq+KXCmexvaZVa6zyuE5HnfjJoWl4G+1rVFbX\/Ngq5onTx\/SoV\/pU3FSv3tlU6pGINs2Jptphy+yjZNoqW7HtkZbSd2dR7pYb6\/hgJouVr3Ss5ZjHxfT52FwAPDlYjrh0ph+0gvraRrHmONEYfujfJRT7EpZH4kUz\/0HnwdKGwMCif73u\/FMV6JagNxMww6NG7Cpw3vmcYPgG3pg9eob25JFGZ2AkfHYU4hRI6AUijGqobU3\/QsXFjMiBQCNX+xV3htOHWlwrHjjpPtJSSpi1H8CSy6CliwPRoBhV5N7re2iGPrISXLtDeCqnYVsp+oBr5CgfGatCBcFlGlDf1o76UTT\/q8otGaNcyNM3OmNTqbicjU+7hdHVDIqvbK3rGyobk\/ruJX0nEIedWIK8bc1VhBAQuSowtK7TYEoNJLf+z30QsmmwOFwnXLnGxum5VgTZLkzBcyE+8VDg3HdbbAJ3d4ZE9znysKclr0TtGQQs9T50nMkDPV4VSscLLPpVC+8434RqHjbYoCgaVqJyVRVKHv3G0KQaHW6+0EOobT67HjFFI7r9B\/rIWeQgHzzZVIwmoZKI82pMKHlELtkMKSuVEIzuI54+Tz1DAHu1ukwml9XN8xrkPndJRCscpVBT9y+p2SKpG2XuJNMfwzMBXXY5wxbHA3Q\/8w97UnQ1\/aMIaLb8GQxSXRCiCPiVQcRrVMlqJf28dlGl4rxpOv2hVCpYg9FErJt4sDAlnU+HM\/9oPh3BLVKeV\/HGO8Tbk1xrry7EOsG8zbV4dTdm18oNzlFin\/lMkBKsnXp0MWhJ5kuR\/71jHOlOd3E9Pp7A4jx47zIDvXuQEd3M7DT6eQpHYGb+OcbX9+7GgHvBRqTeoAad3SnvKnqpKQec315viNi0pglGzIzq7swncWP2XXJlTtmWLyUCmSydoXsZYDClOCYKeg2\/nTLXDyakm7tJMyAj8fPvoBlMSXkjGAVun0NoSfqOpMdWyfm7o7JpvaNlecL25v8yepscOINV4KewtOZsFwkdLdabCFPDEvdVK3nVRhjR3MjDsi\/2m0eSmxfMPkzE3PknxxtE9WQaG1kML32G2tWb3X\/SB9QnrKOBTkv8pXL1nkAsfbBP7DVDakCe3shlbPakl+7uWcdavpqc8NYzzuDedpc58005A1bFp+IdBcxFUOGuBZ2Ynfjw5Voegv0oeDXO519Yo8z9usDoSZPPja7SASzbDVNnytuUwLOq3CUfuXJuz+TN4mcOt5mgDRWHzKyRwmCjF68nyoHyL10ufnBTizlS6SsE+RFbkX\/nMKyfxQl7nFOOOJwv2Z8bOrMKLM96lJCVIpa17rdh9g9hddM2GLlA3OupNfnNOeJhJaKb9pRKa1qptz1N0633cLjzBmyny\/H1d+vLtoMMc7W1dgA1RZz81zzbgAv82UEIhX329nFyc+Ec58A3t8v1x45fZOheHiUCOdTL00yz0huFncWslXTyRX\/SixB7qhOQ394qKtB8wz9HnupRJEaTiIPLk46VoaRF7mzJtSC7YhRyoUdN18S6Hfq+VexJDOucLSPoP6nV89we\/O3G4pzk6NpvuwLHY5lHy7vOxnPXdkXP6wMl9RHjSj8Egbcuvxrd608AacjrRi5DI\/6BORmwKPz4NXy5f69fN1\/WUJS0XzdgYr8vUdFznP7Y8yR8myF+oX3gi9nyvlK5jE+cxF1jCc0LGilWVs8Y4\/sHmvDU7+Bw\/8dXio0\/ShoqWXDqxSbalemzaXB4f\/CFQPbPmY7zzzzMs0SAxz1Tmcc\/1R\/9IkhpIvXWU+ZUNoF9O5AfoSKNqK5fBWh\/7o6GMgwonHVOQrBSTHJ79wV6Rd3Km2gh8IIWyj3O3qeZrB53yluL0s3nZ+KVvNj6xQ9sR2RcVfectw1V3LpeznPnIc\/g0OyfiXyEMQBEEQBEEQBEEQBEEQBEEQBEEQBEEQBEEQBEEQBEEQBEEQBEEQBEEQBEEQBEEQBEEQBEEQBEEQ5P+N\/wEVyay2xaNJ4AAAAABJRU5ErkJggg==\" alt=\"R\u00c3\u00a9sultat de recherche d'images pour &quot;ovh&quot;\" \/>\r\n\r\n&nbsp;\r\n\r\n<strong>You wish to join our partners : contact us !<\/strong>\r\n\r\n&nbsp;\r\n<div class=\" col-xl-6 col-md-6 col-12 \">[ninja_form id=6]<\/div>","_et_gb_content_width":"","content-type":"","footnotes":""},"class_list":["post-3422","page","type-page","status-publish","hentry"],"yoast_head":"<!-- This site is optimized with the Yoast SEO plugin v25.5 - https:\/\/yoast.com\/wordpress\/plugins\/seo\/ -->\n<title>Partenaires - Datakeen<\/title>\n<meta name=\"robots\" content=\"index, follow, max-snippet:-1, max-image-preview:large, max-video-preview:-1\" \/>\n<link rel=\"canonical\" href=\"https:\/\/legacy-wp.datakeen.co\/en\/partenaires-3\/\" \/>\n<meta property=\"og:locale\" content=\"en_US\" \/>\n<meta property=\"og:type\" content=\"article\" \/>\n<meta property=\"og:title\" content=\"Partenaires - Datakeen\" \/>\n<meta property=\"og:description\" content=\"Nos partenairesChez Datakeen, nous valorisons les collaborations et les partenariats strat\u00e9giques. Nous nous engageons \u00e0 travailler avec des entreprises et des organisations de premier plan afin de fournir \u00e0 nos clients les meilleures solutions en mati\u00e8re d&#039;analyse des informations et des documents. Nous sommes fiers de travailler en \u00e9troite collaboration avec nos partenaires pour d\u00e9velopper [&hellip;]\" \/>\n<meta property=\"og:url\" content=\"https:\/\/legacy-wp.datakeen.co\/en\/partenaires-3\/\" \/>\n<meta property=\"og:site_name\" content=\"Datakeen\" \/>\n<meta property=\"article:modified_time\" content=\"2023-06-02T19:38:33+00:00\" \/>\n<meta name=\"twitter:card\" content=\"summary_large_image\" \/>\n<meta name=\"twitter:site\" content=\"@DatakeenCO\" \/>\n<meta name=\"twitter:label1\" content=\"Est. reading time\" \/>\n\t<meta name=\"twitter:data1\" content=\"2 minutes\" \/>\n<!-- \/ Yoast SEO plugin. -->","yoast_head_json":{"title":"Partenaires - Datakeen","robots":{"index":"index","follow":"follow","max-snippet":"max-snippet:-1","max-image-preview":"max-image-preview:large","max-video-preview":"max-video-preview:-1"},"canonical":"https:\/\/legacy-wp.datakeen.co\/en\/partenaires-3\/","og_locale":"en_US","og_type":"article","og_title":"Partenaires - Datakeen","og_description":"Nos partenairesChez Datakeen, nous valorisons les collaborations et les partenariats strat\u00e9giques. Nous nous engageons \u00e0 travailler avec des entreprises et des organisations de premier plan afin de fournir \u00e0 nos clients les meilleures solutions en mati\u00e8re d'analyse des informations et des documents. Nous sommes fiers de travailler en \u00e9troite collaboration avec nos partenaires pour d\u00e9velopper [&hellip;]","og_url":"https:\/\/legacy-wp.datakeen.co\/en\/partenaires-3\/","og_site_name":"Datakeen","article_modified_time":"2023-06-02T19:38:33+00:00","twitter_card":"summary_large_image","twitter_site":"@DatakeenCO","twitter_misc":{"Est. reading time":"2 minutes"},"schema":{"@context":"https:\/\/schema.org","@graph":[{"@type":"WebPage","@id":"https:\/\/legacy-wp.datakeen.co\/en\/partenaires-3\/","url":"https:\/\/legacy-wp.datakeen.co\/en\/partenaires-3\/","name":"Partenaires - Datakeen","isPartOf":{"@id":"https:\/\/legacy-wp.datakeen.co\/en\/#website"},"datePublished":"2019-09-30T09:23:04+00:00","dateModified":"2023-06-02T19:38:33+00:00","breadcrumb":{"@id":"https:\/\/legacy-wp.datakeen.co\/en\/partenaires-3\/#breadcrumb"},"inLanguage":"en-US","potentialAction":[{"@type":"ReadAction","target":["https:\/\/legacy-wp.datakeen.co\/en\/partenaires-3\/"]}]},{"@type":"BreadcrumbList","@id":"https:\/\/legacy-wp.datakeen.co\/en\/partenaires-3\/#breadcrumb","itemListElement":[{"@type":"ListItem","position":1,"name":"Accueil","item":"https:\/\/legacy-wp.datakeen.co\/en\/"},{"@type":"ListItem","position":2,"name":"Partenaires"}]},{"@type":"WebSite","@id":"https:\/\/legacy-wp.datakeen.co\/en\/#website","url":"https:\/\/legacy-wp.datakeen.co\/en\/","name":"Datakeen","description":"[:fr]Democratise l&#039;IA en Entreprise[:en]Democratize AI Solutions[:de]KI-L\u00f6sungen demokratisieren[:es]Democratizar las soluciones de IA[:ja]\u4eba\u5de5\u77e5\u80fd\u30bd\u30ea\u30e5\u30fc\u30b7\u30e7\u30f3\u306e\u6c11\u4e3b\u5316[:zh]\u6c11\u4e3b\u5316\u4eba\u5de5\u667a\u80fd\u89e3\u51b3\u65b9\u6848[:]","publisher":{"@id":"https:\/\/legacy-wp.datakeen.co\/en\/#organization"},"potentialAction":[{"@type":"SearchAction","target":{"@type":"EntryPoint","urlTemplate":"https:\/\/legacy-wp.datakeen.co\/en\/?s={search_term_string}"},"query-input":{"@type":"PropertyValueSpecification","valueRequired":true,"valueName":"search_term_string"}}],"inLanguage":"en-US"},{"@type":"Organization","@id":"https:\/\/legacy-wp.datakeen.co\/en\/#organization","name":"Datakeen","url":"https:\/\/legacy-wp.datakeen.co\/en\/","logo":{"@type":"ImageObject","inLanguage":"en-US","@id":"https:\/\/legacy-wp.datakeen.co\/en\/#\/schema\/logo\/image\/","url":"https:\/\/media.datakeen.co\/wp-content\/uploads\/2017\/03\/28141638\/datakeen_large_blue_nobg.png","contentUrl":"https:\/\/media.datakeen.co\/wp-content\/uploads\/2017\/03\/28141638\/datakeen_large_blue_nobg.png","width":2000,"height":826,"caption":"Datakeen"},"image":{"@id":"https:\/\/legacy-wp.datakeen.co\/en\/#\/schema\/logo\/image\/"},"sameAs":["https:\/\/x.com\/DatakeenCO","https:\/\/www.linkedin.com\/company\/11023029"]}]}},"_links":{"self":[{"href":"https:\/\/legacy-wp.datakeen.co\/en\/wp-json\/wp\/v2\/pages\/3422","targetHints":{"allow":["GET"]}}],"collection":[{"href":"https:\/\/legacy-wp.datakeen.co\/en\/wp-json\/wp\/v2\/pages"}],"about":[{"href":"https:\/\/legacy-wp.datakeen.co\/en\/wp-json\/wp\/v2\/types\/page"}],"author":[{"embeddable":true,"href":"https:\/\/legacy-wp.datakeen.co\/en\/wp-json\/wp\/v2\/users\/6"}],"replies":[{"embeddable":true,"href":"https:\/\/legacy-wp.datakeen.co\/en\/wp-json\/wp\/v2\/comments?post=3422"}],"version-history":[{"count":2,"href":"https:\/\/legacy-wp.datakeen.co\/en\/wp-json\/wp\/v2\/pages\/3422\/revisions"}],"predecessor-version":[{"id":233688,"href":"https:\/\/legacy-wp.datakeen.co\/en\/wp-json\/wp\/v2\/pages\/3422\/revisions\/233688"}],"wp:attachment":[{"href":"https:\/\/legacy-wp.datakeen.co\/en\/wp-json\/wp\/v2\/media?parent=3422"}],"curies":[{"name":"wp","href":"https:\/\/api.w.org\/{rel}","templated":true}]}}